{"id":5121,"date":"2024-01-04T15:09:09","date_gmt":"2024-01-04T15:09:09","guid":{"rendered":"https:\/\/pferdealtersweide-valendas.ch\/wpValendas\/?page_id=5121"},"modified":"2024-06-09T05:25:21","modified_gmt":"2024-06-09T05:25:21","slug":"alpsoemmerung","status":"publish","type":"page","link":"https:\/\/pferdealtersweide-valendas.ch\/wpValendas\/alpsoemmerung\/","title":{"rendered":"Alps\u00f6mmerung"},"content":{"rendered":"\t\t<div data-elementor-type=\"wp-page\" data-elementor-id=\"5121\" class=\"elementor elementor-5121\">\n\t\t\t\t<div class=\"elementor-element elementor-element-476ba7e4 e-flex e-con-boxed e-con e-parent\" data-id=\"476ba7e4\" data-element_type=\"container\" data-e-type=\"container\" data-settings=\"{&quot;background_background&quot;:&quot;classic&quot;}\">\n\t\t\t\t\t<div class=\"e-con-inner\">\n\t\t\t\t<div class=\"elementor-element elementor-element-2f756b82 elementor-hidden-desktop elementor-hidden-tablet elementor-hidden-mobile elementor-widget elementor-widget-heading\" data-id=\"2f756b82\" data-element_type=\"widget\" data-e-type=\"widget\" data-settings=\"{&quot;_animation&quot;:&quot;none&quot;}\" data-widget_type=\"heading.default\">\n\t\t\t\t<div class=\"elementor-widget-container\">\n\t\t\t\t\t<h1 class=\"elementor-heading-title elementor-size-default\">Alps\u00f6mmerung<\/h1>\t\t\t\t<\/div>\n\t\t\t\t<\/div>\n\t\t\t\t\t<\/div>\n\t\t\t\t<\/div>\n\t\t<div class=\"elementor-element elementor-element-2f1128ad e-flex e-con-boxed e-con e-parent\" data-id=\"2f1128ad\" data-element_type=\"container\" data-e-type=\"container\" data-settings=\"{&quot;background_background&quot;:&quot;classic&quot;}\">\n\t\t\t\t\t<div class=\"e-con-inner\">\n\t\t\t\t<div class=\"elementor-element elementor-element-2b4aaa6f elementor-widget elementor-widget-heading\" data-id=\"2b4aaa6f\" data-element_type=\"widget\" data-e-type=\"widget\" data-widget_type=\"heading.default\">\n\t\t\t\t<div class=\"elementor-widget-container\">\n\t\t\t\t\t<h6 class=\"elementor-heading-title elementor-size-default\">Infos<\/h6>\t\t\t\t<\/div>\n\t\t\t\t<\/div>\n\t\t\t\t<div class=\"elementor-element elementor-element-2c20761 elementor-widget elementor-widget-heading\" data-id=\"2c20761\" data-element_type=\"widget\" data-e-type=\"widget\" data-widget_type=\"heading.default\">\n\t\t\t\t<div class=\"elementor-widget-container\">\n\t\t\t\t\t<h2 class=\"elementor-heading-title elementor-size-default\">Alps\u00f6mmerung<\/h2>\t\t\t\t<\/div>\n\t\t\t\t<\/div>\n\t\t\t\t<div class=\"elementor-element elementor-element-4aece5b3 elementor-widget-divider--view-line elementor-widget elementor-widget-divider\" data-id=\"4aece5b3\" data-element_type=\"widget\" data-e-type=\"widget\" data-widget_type=\"divider.default\">\n\t\t\t\t<div class=\"elementor-widget-container\">\n\t\t\t\t\t\t\t<div class=\"elementor-divider\">\n\t\t\t<span class=\"elementor-divider-separator\">\n\t\t\t\t\t\t<\/span>\n\t\t<\/div>\n\t\t\t\t\t\t<\/div>\n\t\t\t\t<\/div>\n\t\t\t\t\t<\/div>\n\t\t\t\t<\/div>\n\t\t<div class=\"elementor-element elementor-element-280cfc19 e-flex e-con-boxed e-con e-parent\" data-id=\"280cfc19\" data-element_type=\"container\" data-e-type=\"container\" data-settings=\"{&quot;background_background&quot;:&quot;classic&quot;}\">\n\t\t\t\t\t<div class=\"e-con-inner\">\n\t\t<div class=\"elementor-element elementor-element-5d45d611 e-con-full e-flex e-con e-child\" data-id=\"5d45d611\" data-element_type=\"container\" data-e-type=\"container\">\n\t\t<div class=\"elementor-element elementor-element-74917d66 e-con-full e-flex e-con e-child\" data-id=\"74917d66\" data-element_type=\"container\" data-e-type=\"container\">\n\t\t\t\t<div class=\"elementor-element elementor-element-2fbbbfd elementor-widget elementor-widget-text-editor\" data-id=\"2fbbbfd\" data-element_type=\"widget\" data-e-type=\"widget\" data-widget_type=\"text-editor.default\">\n\t\t\t\t<div class=\"elementor-widget-container\">\n\t\t\t\t\t\t\t\t\t<p>Alle Pferde sind bei der Pferde-Rettungsversicherung Horse Rescue\/ETA-GLOB versichert (im Pensionspreis inbegriffen).<\/p>\t\t\t\t\t\t\t\t<\/div>\n\t\t\t\t<\/div>\n\t\t\t\t<div class=\"elementor-element elementor-element-444d4cda elementor-widget elementor-widget-text-editor\" data-id=\"444d4cda\" data-element_type=\"widget\" data-e-type=\"widget\" data-widget_type=\"text-editor.default\">\n\t\t\t\t<div class=\"elementor-widget-container\">\n\t\t\t\t\t\t\t\t\t<p>Alle Pferde die noch r\u00fcstig genug und robust sind, d\u00fcrfen den Sommer auf der Hochalp auf \u00fcber 2000 m.\u00fc.M. verbringen.&nbsp; Betreut werden die Pferde und Ponys w\u00e4hrend der Alpzeit von einem erfahrenen Hirten, der t\u00e4glich nach den Pferden schaut und sofort Alarm schl\u00e4gt, wenn etwas nicht in Ordnung ist.<\/p>\n<p>Alle Pferde welche gealpt werden sind Alterspension\u00e4re, keine Ferienpferde.<\/p>\t\t\t\t\t\t\t\t<\/div>\n\t\t\t\t<\/div>\n\t\t\t\t<div class=\"elementor-element elementor-element-7f8b239 elementor-widget elementor-widget-text-editor\" data-id=\"7f8b239\" data-element_type=\"widget\" data-e-type=\"widget\" data-widget_type=\"text-editor.default\">\n\t\t\t\t<div class=\"elementor-widget-container\">\n\t\t\t\t\t\t\t\t\t<p><strong>Alpzeit: <\/strong>Ab ca. Mitte Juni bis Mitte September.<\/p>\t\t\t\t\t\t\t\t<\/div>\n\t\t\t\t<\/div>\n\t\t\t\t<\/div>\n\t\t\t\t<\/div>\n\t\t\t\t\t<\/div>\n\t\t\t\t<\/div>\n\t\t<div class=\"elementor-element elementor-element-21db1519 e-flex e-con-boxed e-con e-parent\" data-id=\"21db1519\" data-element_type=\"container\" data-e-type=\"container\" data-settings=\"{&quot;background_background&quot;:&quot;classic&quot;}\">\n\t\t\t\t\t<div class=\"e-con-inner\">\n\t\t\t\t<div class=\"elementor-element elementor-element-48d20377 elementor-hidden-desktop elementor-hidden-tablet elementor-hidden-mobile elementor-widget elementor-widget-heading\" data-id=\"48d20377\" data-element_type=\"widget\" data-e-type=\"widget\" data-widget_type=\"heading.default\">\n\t\t\t\t<div class=\"elementor-widget-container\">\n\t\t\t\t\t<h1 class=\"elementor-heading-title elementor-size-default\">Alps\u00f6mmerung<\/h1>\t\t\t\t<\/div>\n\t\t\t\t<\/div>\n\t\t\t\t\t<\/div>\n\t\t\t\t<\/div>\n\t\t<div class=\"elementor-element elementor-element-4620d203 e-flex e-con-boxed e-con e-parent\" data-id=\"4620d203\" data-element_type=\"container\" data-e-type=\"container\" data-settings=\"{&quot;background_background&quot;:&quot;classic&quot;}\">\n\t\t\t\t\t<div class=\"e-con-inner\">\n\t\t<div class=\"elementor-element elementor-element-35c844ff e-flex e-con-boxed e-con e-child\" data-id=\"35c844ff\" data-element_type=\"container\" data-e-type=\"container\">\n\t\t\t\t\t<div class=\"e-con-inner\">\n\t\t\t\t<div class=\"elementor-element elementor-element-55375772 elementor-widget elementor-widget-image\" data-id=\"55375772\" data-element_type=\"widget\" data-e-type=\"widget\" data-widget_type=\"image.default\">\n\t\t\t\t<div class=\"elementor-widget-container\">\n\t\t\t\t\t\t\t\t\t\t\t\t\t\t\t\t<a href=\"https:\/\/pferdealtersweide-valendas.ch\">\n\t\t\t\t\t\t\t<img fetchpriority=\"high\" decoding=\"async\" width=\"768\" height=\"155\" src=\"https:\/\/pferdealtersweide-valendas.ch\/wpValendas\/wp-content\/uploads\/2023\/12\/logowebseitekl-1024x206-1-90x18.jpg\" class=\"attachment-medium_large size-medium_large wp-image-4362\" alt=\"\" srcset=\"https:\/\/pferdealtersweide-valendas.ch\/wpValendas\/wp-content\/uploads\/2023\/12\/logowebseitekl-1024x206-1-768x155.jpg 768w, https:\/\/pferdealtersweide-valendas.ch\/wpValendas\/wp-content\/uploads\/2023\/12\/logowebseitekl-1024x206-1-300x60.jpg 300w, https:\/\/pferdealtersweide-valendas.ch\/wpValendas\/wp-content\/uploads\/2023\/12\/logowebseitekl-1024x206-1-90x18.jpg 90w, https:\/\/pferdealtersweide-valendas.ch\/wpValendas\/wp-content\/uploads\/2023\/12\/logowebseitekl-1024x206-1.jpg 1024w\" sizes=\"(max-width: 768px) 100vw, 768px\" \/>\t\t\t\t\t\t\t\t<\/a>\n\t\t\t\t\t\t\t\t\t\t\t\t\t\t\t<\/div>\n\t\t\t\t<\/div>\n\t\t\t\t\t<\/div>\n\t\t\t\t<\/div>\n\t\t\t\t\t<\/div>\n\t\t\t\t<\/div>\n\t\t\t\t<\/div>\n\t\t","protected":false},"excerpt":{"rendered":"<p>Alps\u00f6mmerung Infos Alps\u00f6mmerung Alle Pferde sind bei der Pferde-Rettungsversicherung Horse Rescue\/ETA-GLOB versichert (im Pensionspreis inbegriffen). Alle Pferde die noch r\u00fcstig genug und robust sind, d\u00fcrfen den Sommer auf der Hochalp auf \u00fcber 2000 m.\u00fc.M. verbringen.&nbsp; Betreut werden die Pferde und Ponys w\u00e4hrend der Alpzeit von einem erfahrenen Hirten, der t\u00e4glich nach den Pferden schaut und [&hellip;]<\/p>\n","protected":false},"author":1,"featured_media":0,"parent":0,"menu_order":0,"comment_status":"closed","ping_status":"closed","template":"","meta":{"site-sidebar-layout":"no-sidebar","site-content-layout":"page-builder","ast-site-content-layout":"full-width-container","site-content-style":"default","site-sidebar-style":"default","ast-global-header-display":"","ast-banner-title-visibility":"","ast-main-header-display":"","ast-hfb-above-header-display":"","ast-hfb-below-header-display":"","ast-hfb-mobile-header-display":"","site-post-title":"disabled","ast-breadcrumbs-content":"","ast-featured-img":"disabled","footer-sml-layout":"","ast-disable-related-posts":"","theme-transparent-header-meta":"","adv-header-id-meta":"","stick-header-meta":"","header-above-stick-meta":"","header-main-stick-meta":"","header-below-stick-meta":"","astra-migrate-meta-layouts":"set","ast-page-background-enabled":"default","ast-page-background-meta":{"desktop":{"background-color":"var(--ast-global-color-4)","background-image":"","background-repeat":"repeat","background-position":"center center","background-size":"auto","background-attachment":"scroll","background-type":"","background-media":"","overlay-type":"","overlay-color":"","overlay-opacity":"","overlay-gradient":""},"tablet":{"background-color":"","background-image":"","background-repeat":"repeat","background-position":"center center","background-size":"auto","background-attachment":"scroll","background-type":"","background-media":"","overlay-type":"","overlay-color":"","overlay-opacity":"","overlay-gradient":""},"mobile":{"background-color":"","background-image":"","background-repeat":"repeat","background-position":"center center","background-size":"auto","background-attachment":"scroll","background-type":"","background-media":"","overlay-type":"","overlay-color":"","overlay-opacity":"","overlay-gradient":""}},"ast-content-background-meta":{"desktop":{"background-color":"var(--ast-global-color-5)","background-image":"","background-repeat":"repeat","background-position":"center center","background-size":"auto","background-attachment":"scroll","background-type":"","background-media":"","overlay-type":"","overlay-color":"","overlay-opacity":"","overlay-gradient":""},"tablet":{"background-color":"var(--ast-global-color-5)","background-image":"","background-repeat":"repeat","background-position":"center center","background-size":"auto","background-attachment":"scroll","background-type":"","background-media":"","overlay-type":"","overlay-color":"","overlay-opacity":"","overlay-gradient":""},"mobile":{"background-color":"var(--ast-global-color-5)","background-image":"","background-repeat":"repeat","background-position":"center center","background-size":"auto","background-attachment":"scroll","background-type":"","background-media":"","overlay-type":"","overlay-color":"","overlay-opacity":"","overlay-gradient":""}},"footnotes":""},"class_list":["post-5121","page","type-page","status-publish","hentry"],"_links":{"self":[{"href":"https:\/\/pferdealtersweide-valendas.ch\/wpValendas\/wp-json\/wp\/v2\/pages\/5121","targetHints":{"allow":["GET"]}}],"collection":[{"href":"https:\/\/pferdealtersweide-valendas.ch\/wpValendas\/wp-json\/wp\/v2\/pages"}],"about":[{"href":"https:\/\/pferdealtersweide-valendas.ch\/wpValendas\/wp-json\/wp\/v2\/types\/page"}],"author":[{"embeddable":true,"href":"https:\/\/pferdealtersweide-valendas.ch\/wpValendas\/wp-json\/wp\/v2\/users\/1"}],"replies":[{"embeddable":true,"href":"https:\/\/pferdealtersweide-valendas.ch\/wpValendas\/wp-json\/wp\/v2\/comments?post=5121"}],"version-history":[{"count":50,"href":"https:\/\/pferdealtersweide-valendas.ch\/wpValendas\/wp-json\/wp\/v2\/pages\/5121\/revisions"}],"predecessor-version":[{"id":5967,"href":"https:\/\/pferdealtersweide-valendas.ch\/wpValendas\/wp-json\/wp\/v2\/pages\/5121\/revisions\/5967"}],"wp:attachment":[{"href":"https:\/\/pferdealtersweide-valendas.ch\/wpValendas\/wp-json\/wp\/v2\/media?parent=5121"}],"curies":[{"name":"wp","href":"https:\/\/api.w.org\/{rel}","templated":true}]}}