{"id":5069,"date":"2024-01-04T13:53:02","date_gmt":"2024-01-04T13:53:02","guid":{"rendered":"https:\/\/pferdealtersweide-valendas.ch\/wpValendas\/?page_id=5069"},"modified":"2025-08-22T11:20:44","modified_gmt":"2025-08-22T11:20:44","slug":"haltung","status":"publish","type":"page","link":"https:\/\/pferdealtersweide-valendas.ch\/wpValendas\/haltung\/","title":{"rendered":"Haltung"},"content":{"rendered":"\t\t<div data-elementor-type=\"wp-page\" data-elementor-id=\"5069\" class=\"elementor elementor-5069\">\n\t\t\t\t<div class=\"elementor-element elementor-element-563d2059 e-flex e-con-boxed e-con e-parent\" data-id=\"563d2059\" data-element_type=\"container\" data-e-type=\"container\" data-settings=\"{&quot;background_background&quot;:&quot;classic&quot;}\">\n\t\t\t\t\t<div class=\"e-con-inner\">\n\t\t\t\t<div class=\"elementor-element elementor-element-404a8dfe elementor-hidden-desktop elementor-hidden-tablet elementor-hidden-mobile elementor-widget elementor-widget-heading\" data-id=\"404a8dfe\" data-element_type=\"widget\" data-e-type=\"widget\" data-settings=\"{&quot;_animation&quot;:&quot;none&quot;}\" data-widget_type=\"heading.default\">\n\t\t\t\t<div class=\"elementor-widget-container\">\n\t\t\t\t\t<h1 class=\"elementor-heading-title elementor-size-default\">Haltung<\/h1>\t\t\t\t<\/div>\n\t\t\t\t<\/div>\n\t\t\t\t\t<\/div>\n\t\t\t\t<\/div>\n\t\t<div class=\"elementor-element elementor-element-4bfe47b8 e-flex e-con-boxed e-con e-parent\" data-id=\"4bfe47b8\" data-element_type=\"container\" data-e-type=\"container\" data-settings=\"{&quot;background_background&quot;:&quot;classic&quot;}\">\n\t\t\t\t\t<div class=\"e-con-inner\">\n\t\t\t\t<div class=\"elementor-element elementor-element-1fb169e9 elementor-widget elementor-widget-heading\" data-id=\"1fb169e9\" data-element_type=\"widget\" data-e-type=\"widget\" data-widget_type=\"heading.default\">\n\t\t\t\t<div class=\"elementor-widget-container\">\n\t\t\t\t\t<h6 class=\"elementor-heading-title elementor-size-default\">Infos<\/h6>\t\t\t\t<\/div>\n\t\t\t\t<\/div>\n\t\t\t\t<div class=\"elementor-element elementor-element-619b3000 elementor-widget elementor-widget-heading\" data-id=\"619b3000\" data-element_type=\"widget\" data-e-type=\"widget\" data-widget_type=\"heading.default\">\n\t\t\t\t<div class=\"elementor-widget-container\">\n\t\t\t\t\t<h2 class=\"elementor-heading-title elementor-size-default\">Haltung<\/h2>\t\t\t\t<\/div>\n\t\t\t\t<\/div>\n\t\t\t\t<div class=\"elementor-element elementor-element-806acde elementor-widget-divider--view-line elementor-widget elementor-widget-divider\" data-id=\"806acde\" data-element_type=\"widget\" data-e-type=\"widget\" data-widget_type=\"divider.default\">\n\t\t\t\t<div class=\"elementor-widget-container\">\n\t\t\t\t\t\t\t<div class=\"elementor-divider\">\n\t\t\t<span class=\"elementor-divider-separator\">\n\t\t\t\t\t\t<\/span>\n\t\t<\/div>\n\t\t\t\t\t\t<\/div>\n\t\t\t\t<\/div>\n\t\t\t\t\t<\/div>\n\t\t\t\t<\/div>\n\t\t<div class=\"elementor-element elementor-element-6ad627d8 e-flex e-con-boxed e-con e-parent\" data-id=\"6ad627d8\" data-element_type=\"container\" data-e-type=\"container\" data-settings=\"{&quot;background_background&quot;:&quot;classic&quot;}\">\n\t\t\t\t\t<div class=\"e-con-inner\">\n\t\t<div class=\"elementor-element elementor-element-67e0b429 e-con-full e-flex e-con e-child\" data-id=\"67e0b429\" data-element_type=\"container\" data-e-type=\"container\">\n\t\t<div class=\"elementor-element elementor-element-1e2bd319 e-con-full e-flex e-con e-child\" data-id=\"1e2bd319\" data-element_type=\"container\" data-e-type=\"container\">\n\t\t\t\t<div class=\"elementor-element elementor-element-41531f8 elementor-widget elementor-widget-text-editor\" data-id=\"41531f8\" data-element_type=\"widget\" data-e-type=\"widget\" data-widget_type=\"text-editor.default\">\n\t\t\t\t<div class=\"elementor-widget-container\">\n\t\t\t\t\t\t\t\t\t<p>Die Pferde leben in gemischten Gruppen\u00a0 in <strong>drei Offenstall-Anlagen<\/strong>. Diese verf\u00fcgen \u00fcber grosse Fress- und Liegebereiche, Pferde-WCs sowie Trockenpl\u00e4tze mit unterschiedlicher Bodenbeschaffenheit. Dar\u00fcber hinaus gibt es separate Integrations- und Krankenboxen. Alle Liegebereiche sind mit Liegematten ausgestattet. Es wird Strohh\u00e4cksel eingestreut, das t\u00e4glich komplett erneuert wird.<\/p>\t\t\t\t\t\t\t\t<\/div>\n\t\t\t\t<\/div>\n\t\t\t\t<div class=\"elementor-element elementor-element-a62ea89 elementor-widget elementor-widget-heading\" data-id=\"a62ea89\" data-element_type=\"widget\" data-e-type=\"widget\" data-widget_type=\"heading.default\">\n\t\t\t\t<div class=\"elementor-widget-container\">\n\t\t\t\t\t<h5 class=\"elementor-heading-title elementor-size-default\">Die Gruppen sind wie folgt unterteilt: <\/h5>\t\t\t\t<\/div>\n\t\t\t\t<\/div>\n\t\t\t\t<div class=\"elementor-element elementor-element-1d955db7 elementor-widget elementor-widget-text-editor\" data-id=\"1d955db7\" data-element_type=\"widget\" data-e-type=\"widget\" data-widget_type=\"text-editor.default\">\n\t\t\t\t<div class=\"elementor-widget-container\">\n\t\t\t\t\t\t\t\t\t<p>In der <strong>Minishetty-Gruppe<\/strong> leben zehn bis zw\u00f6lf Minis. Der Stall verf\u00fcgt \u00fcber einen grossen Liegebereich mit Fressgitter und Strohnetzen, Integrations- und Krankenbox sowie einem grossen Auslauf (Holzschnitzel), der mit Besch\u00e4ftigungselementen ausgestattet ist. Die Shettys haben ihre eigene, bedarfsgerechte Sommerweide.<\/p>\t\t\t\t\t\t\t\t<\/div>\n\t\t\t\t<\/div>\n\t\t\t\t<div class=\"elementor-element elementor-element-bda263c elementor-widget elementor-widget-text-editor\" data-id=\"bda263c\" data-element_type=\"widget\" data-e-type=\"widget\" data-widget_type=\"text-editor.default\">\n\t\t\t\t<div class=\"elementor-widget-container\">\n\t\t\t\t\t\t\t\t\t<p>Die <strong>Wallachgruppe<\/strong> umfasst bis zu 13 Pferde und Ponys verschiedener Rassen. Auch dieser Stall ist mit einem grossz\u00fcgigen Liegebereich, mehreren Futterraufen, Integrations- und Krankenboxen ausger\u00fcstet. Nebst riesigem Paddock mit Trockenplatz hat diese Gruppe ihre eigenen Sommer- und Winterweiden direkt vom Stall aus.<\/p>\t\t\t\t\t\t\t\t<\/div>\n\t\t\t\t<\/div>\n\t\t\t\t<div class=\"elementor-element elementor-element-50e0e94 elementor-widget elementor-widget-text-editor\" data-id=\"50e0e94\" data-element_type=\"widget\" data-e-type=\"widget\" data-widget_type=\"text-editor.default\">\n\t\t\t\t<div class=\"elementor-widget-container\">\n\t\t\t\t\t\t\t\t\t<p>In der <strong>gemischten Gruppe<\/strong> leben bis zu 26 Tiere aller Rassen. Ob Stute oder Wallach, Mini oder Tinker: hier f\u00fchlen sich alle wohl. Verschiedene Einzelst\u00e4lle bieten Platz und R\u00fcckzugsm\u00f6glichkeit f\u00fcr alle, in der luftigen Fresshalle trifft man sich zum Fressen, das Paddock und der grosse Trockenplatz lassen keine W\u00fcnsche offen \u2013 und der Tupf auf dem i ist das Pferde-WC, wo brav angestanden wird, bis man an der Reihe ist. Eigene grosse Sommer- und Winterweiden sind auch hier f\u00fcr die Pferde direkt vom Stall aus erreichbar.<\/p>\t\t\t\t\t\t\t\t<\/div>\n\t\t\t\t<\/div>\n\t\t\t\t<\/div>\n\t\t\t\t<\/div>\n\t\t\t\t\t<\/div>\n\t\t\t\t<\/div>\n\t\t<div class=\"elementor-element elementor-element-6b883a27 e-flex e-con-boxed e-con e-parent\" data-id=\"6b883a27\" data-element_type=\"container\" data-e-type=\"container\" data-settings=\"{&quot;background_background&quot;:&quot;classic&quot;}\">\n\t\t\t\t\t<div class=\"e-con-inner\">\n\t\t\t\t<div class=\"elementor-element elementor-element-7b90d386 elementor-hidden-desktop elementor-hidden-tablet elementor-hidden-mobile elementor-widget elementor-widget-heading\" data-id=\"7b90d386\" data-element_type=\"widget\" data-e-type=\"widget\" data-widget_type=\"heading.default\">\n\t\t\t\t<div class=\"elementor-widget-container\">\n\t\t\t\t\t<h1 class=\"elementor-heading-title elementor-size-default\">Haltung<\/h1>\t\t\t\t<\/div>\n\t\t\t\t<\/div>\n\t\t\t\t\t<\/div>\n\t\t\t\t<\/div>\n\t\t<div class=\"elementor-element elementor-element-1d064d16 e-flex e-con-boxed e-con e-parent\" data-id=\"1d064d16\" data-element_type=\"container\" data-e-type=\"container\" data-settings=\"{&quot;background_background&quot;:&quot;classic&quot;}\">\n\t\t\t\t\t<div class=\"e-con-inner\">\n\t\t<div class=\"elementor-element elementor-element-7862e985 e-flex e-con-boxed e-con e-child\" data-id=\"7862e985\" data-element_type=\"container\" data-e-type=\"container\">\n\t\t\t\t\t<div class=\"e-con-inner\">\n\t\t\t\t<div class=\"elementor-element elementor-element-564601ea elementor-widget elementor-widget-image\" data-id=\"564601ea\" data-element_type=\"widget\" data-e-type=\"widget\" data-widget_type=\"image.default\">\n\t\t\t\t<div class=\"elementor-widget-container\">\n\t\t\t\t\t\t\t\t\t\t\t\t\t\t\t\t<a href=\"https:\/\/pferdealtersweide-valendas.ch\">\n\t\t\t\t\t\t\t<img fetchpriority=\"high\" decoding=\"async\" width=\"768\" height=\"155\" src=\"https:\/\/pferdealtersweide-valendas.ch\/wpValendas\/wp-content\/uploads\/2023\/12\/logowebseitekl-1024x206-1-90x18.jpg\" class=\"attachment-medium_large size-medium_large wp-image-4362\" alt=\"\" srcset=\"https:\/\/pferdealtersweide-valendas.ch\/wpValendas\/wp-content\/uploads\/2023\/12\/logowebseitekl-1024x206-1-768x155.jpg 768w, https:\/\/pferdealtersweide-valendas.ch\/wpValendas\/wp-content\/uploads\/2023\/12\/logowebseitekl-1024x206-1-300x60.jpg 300w, https:\/\/pferdealtersweide-valendas.ch\/wpValendas\/wp-content\/uploads\/2023\/12\/logowebseitekl-1024x206-1-90x18.jpg 90w, https:\/\/pferdealtersweide-valendas.ch\/wpValendas\/wp-content\/uploads\/2023\/12\/logowebseitekl-1024x206-1.jpg 1024w\" sizes=\"(max-width: 768px) 100vw, 768px\" \/>\t\t\t\t\t\t\t\t<\/a>\n\t\t\t\t\t\t\t\t\t\t\t\t\t\t\t<\/div>\n\t\t\t\t<\/div>\n\t\t\t\t\t<\/div>\n\t\t\t\t<\/div>\n\t\t\t\t\t<\/div>\n\t\t\t\t<\/div>\n\t\t\t\t<\/div>\n\t\t","protected":false},"excerpt":{"rendered":"<p>Haltung Infos Haltung Die Pferde leben in gemischten Gruppen\u00a0 in drei Offenstall-Anlagen. Diese verf\u00fcgen \u00fcber grosse Fress- und Liegebereiche, Pferde-WCs sowie Trockenpl\u00e4tze mit unterschiedlicher Bodenbeschaffenheit. Dar\u00fcber hinaus gibt es separate Integrations- und Krankenboxen. Alle Liegebereiche sind mit Liegematten ausgestattet. Es wird Strohh\u00e4cksel eingestreut, das t\u00e4glich komplett erneuert wird. Die Gruppen sind wie folgt unterteilt: In [&hellip;]<\/p>\n","protected":false},"author":1,"featured_media":0,"parent":0,"menu_order":0,"comment_status":"closed","ping_status":"closed","template":"","meta":{"site-sidebar-layout":"no-sidebar","site-content-layout":"page-builder","ast-site-content-layout":"full-width-container","site-content-style":"default","site-sidebar-style":"default","ast-global-header-display":"","ast-banner-title-visibility":"","ast-main-header-display":"","ast-hfb-above-header-display":"","ast-hfb-below-header-display":"","ast-hfb-mobile-header-display":"","site-post-title":"disabled","ast-breadcrumbs-content":"","ast-featured-img":"disabled","footer-sml-layout":"","ast-disable-related-posts":"","theme-transparent-header-meta":"","adv-header-id-meta":"","stick-header-meta":"","header-above-stick-meta":"","header-main-stick-meta":"","header-below-stick-meta":"","astra-migrate-meta-layouts":"set","ast-page-background-enabled":"default","ast-page-background-meta":{"desktop":{"background-color":"var(--ast-global-color-4)","background-image":"","background-repeat":"repeat","background-position":"center center","background-size":"auto","background-attachment":"scroll","background-type":"","background-media":"","overlay-type":"","overlay-color":"","overlay-opacity":"","overlay-gradient":""},"tablet":{"background-color":"","background-image":"","background-repeat":"repeat","background-position":"center center","background-size":"auto","background-attachment":"scroll","background-type":"","background-media":"","overlay-type":"","overlay-color":"","overlay-opacity":"","overlay-gradient":""},"mobile":{"background-color":"","background-image":"","background-repeat":"repeat","background-position":"center center","background-size":"auto","background-attachment":"scroll","background-type":"","background-media":"","overlay-type":"","overlay-color":"","overlay-opacity":"","overlay-gradient":""}},"ast-content-background-meta":{"desktop":{"background-color":"var(--ast-global-color-5)","background-image":"","background-repeat":"repeat","background-position":"center center","background-size":"auto","background-attachment":"scroll","background-type":"","background-media":"","overlay-type":"","overlay-color":"","overlay-opacity":"","overlay-gradient":""},"tablet":{"background-color":"var(--ast-global-color-5)","background-image":"","background-repeat":"repeat","background-position":"center center","background-size":"auto","background-attachment":"scroll","background-type":"","background-media":"","overlay-type":"","overlay-color":"","overlay-opacity":"","overlay-gradient":""},"mobile":{"background-color":"var(--ast-global-color-5)","background-image":"","background-repeat":"repeat","background-position":"center center","background-size":"auto","background-attachment":"scroll","background-type":"","background-media":"","overlay-type":"","overlay-color":"","overlay-opacity":"","overlay-gradient":""}},"footnotes":""},"class_list":["post-5069","page","type-page","status-publish","hentry"],"_links":{"self":[{"href":"https:\/\/pferdealtersweide-valendas.ch\/wpValendas\/wp-json\/wp\/v2\/pages\/5069","targetHints":{"allow":["GET"]}}],"collection":[{"href":"https:\/\/pferdealtersweide-valendas.ch\/wpValendas\/wp-json\/wp\/v2\/pages"}],"about":[{"href":"https:\/\/pferdealtersweide-valendas.ch\/wpValendas\/wp-json\/wp\/v2\/types\/page"}],"author":[{"embeddable":true,"href":"https:\/\/pferdealtersweide-valendas.ch\/wpValendas\/wp-json\/wp\/v2\/users\/1"}],"replies":[{"embeddable":true,"href":"https:\/\/pferdealtersweide-valendas.ch\/wpValendas\/wp-json\/wp\/v2\/comments?post=5069"}],"version-history":[{"count":41,"href":"https:\/\/pferdealtersweide-valendas.ch\/wpValendas\/wp-json\/wp\/v2\/pages\/5069\/revisions"}],"predecessor-version":[{"id":6179,"href":"https:\/\/pferdealtersweide-valendas.ch\/wpValendas\/wp-json\/wp\/v2\/pages\/5069\/revisions\/6179"}],"wp:attachment":[{"href":"https:\/\/pferdealtersweide-valendas.ch\/wpValendas\/wp-json\/wp\/v2\/media?parent=5069"}],"curies":[{"name":"wp","href":"https:\/\/api.w.org\/{rel}","templated":true}]}}