{"id":5042,"date":"2023-12-22T10:20:14","date_gmt":"2023-12-22T10:20:14","guid":{"rendered":"https:\/\/pferdealtersweide-valendas.ch\/wpValendas\/?page_id=5042"},"modified":"2025-08-21T05:03:19","modified_gmt":"2025-08-21T05:03:19","slug":"zertifikat","status":"publish","type":"page","link":"https:\/\/pferdealtersweide-valendas.ch\/wpValendas\/zertifikat\/","title":{"rendered":"Zertifikat"},"content":{"rendered":"\t\t<div data-elementor-type=\"wp-page\" data-elementor-id=\"5042\" class=\"elementor elementor-5042\">\n\t\t\t\t<div class=\"elementor-element elementor-element-6c56c8a0 e-flex e-con-boxed e-con e-parent\" data-id=\"6c56c8a0\" data-element_type=\"container\" data-e-type=\"container\" data-settings=\"{&quot;background_background&quot;:&quot;classic&quot;}\">\n\t\t\t\t\t<div class=\"e-con-inner\">\n\t\t\t\t<div class=\"elementor-element elementor-element-7f1105ea elementor-hidden-desktop elementor-hidden-tablet elementor-hidden-mobile elementor-widget elementor-widget-heading\" data-id=\"7f1105ea\" data-element_type=\"widget\" data-e-type=\"widget\" data-settings=\"{&quot;_animation&quot;:&quot;none&quot;}\" data-widget_type=\"heading.default\">\n\t\t\t\t<div class=\"elementor-widget-container\">\n\t\t\t\t\t<h1 class=\"elementor-heading-title elementor-size-default\">Zertifikat<\/h1>\t\t\t\t<\/div>\n\t\t\t\t<\/div>\n\t\t\t\t\t<\/div>\n\t\t\t\t<\/div>\n\t\t<div class=\"elementor-element elementor-element-7d381ff8 e-flex e-con-boxed e-con e-parent\" data-id=\"7d381ff8\" data-element_type=\"container\" data-e-type=\"container\" data-settings=\"{&quot;background_background&quot;:&quot;classic&quot;}\">\n\t\t\t\t\t<div class=\"e-con-inner\">\n\t\t\t\t<div class=\"elementor-element elementor-element-5a22b49 elementor-widget elementor-widget-heading\" data-id=\"5a22b49\" data-element_type=\"widget\" data-e-type=\"widget\" data-widget_type=\"heading.default\">\n\t\t\t\t<div class=\"elementor-widget-container\">\n\t\t\t\t\t<h6 class=\"elementor-heading-title elementor-size-default\">Zertifikat<\/h6>\t\t\t\t<\/div>\n\t\t\t\t<\/div>\n\t\t\t\t<div class=\"elementor-element elementor-element-226acc54 elementor-widget elementor-widget-heading\" data-id=\"226acc54\" data-element_type=\"widget\" data-e-type=\"widget\" data-widget_type=\"heading.default\">\n\t\t\t\t<div class=\"elementor-widget-container\">\n\t\t\t\t\t<h2 class=\"elementor-heading-title elementor-size-default\">Zertifikat<\/h2>\t\t\t\t<\/div>\n\t\t\t\t<\/div>\n\t\t\t\t<div class=\"elementor-element elementor-element-158c7dbe elementor-widget-divider--view-line elementor-widget elementor-widget-divider\" data-id=\"158c7dbe\" data-element_type=\"widget\" data-e-type=\"widget\" data-widget_type=\"divider.default\">\n\t\t\t\t<div class=\"elementor-widget-container\">\n\t\t\t\t\t\t\t<div class=\"elementor-divider\">\n\t\t\t<span class=\"elementor-divider-separator\">\n\t\t\t\t\t\t<\/span>\n\t\t<\/div>\n\t\t\t\t\t\t<\/div>\n\t\t\t\t<\/div>\n\t\t\t\t\t<\/div>\n\t\t\t\t<\/div>\n\t\t<div class=\"elementor-element elementor-element-3c9ff93a e-flex e-con-boxed e-con e-parent\" data-id=\"3c9ff93a\" data-element_type=\"container\" data-e-type=\"container\" data-settings=\"{&quot;background_background&quot;:&quot;classic&quot;}\">\n\t\t\t\t\t<div class=\"e-con-inner\">\n\t\t<div class=\"elementor-element elementor-element-563fe6ff e-con-full e-flex e-con e-child\" data-id=\"563fe6ff\" data-element_type=\"container\" data-e-type=\"container\">\n\t\t<div class=\"elementor-element elementor-element-ce0585e e-con-full e-flex e-con e-child\" data-id=\"ce0585e\" data-element_type=\"container\" data-e-type=\"container\">\n\t\t\t\t<div class=\"elementor-element elementor-element-7c8759bf elementor-widget elementor-widget-image\" data-id=\"7c8759bf\" data-element_type=\"widget\" data-e-type=\"widget\" data-widget_type=\"image.default\">\n\t\t\t\t<div class=\"elementor-widget-container\">\n\t\t\t\t\t\t\t\t\t\t\t\t\t\t\t<img fetchpriority=\"high\" decoding=\"async\" width=\"768\" height=\"1024\" src=\"https:\/\/pferdealtersweide-valendas.ch\/wpValendas\/wp-content\/uploads\/2024\/01\/20230505_165214-768x1024-1.jpg\" class=\"attachment-full size-full wp-image-5056\" alt=\"\" srcset=\"https:\/\/pferdealtersweide-valendas.ch\/wpValendas\/wp-content\/uploads\/2024\/01\/20230505_165214-768x1024-1.jpg 768w, https:\/\/pferdealtersweide-valendas.ch\/wpValendas\/wp-content\/uploads\/2024\/01\/20230505_165214-768x1024-1-225x300.jpg 225w\" sizes=\"(max-width: 768px) 100vw, 768px\" \/>\t\t\t\t\t\t\t\t\t\t\t\t\t\t\t<\/div>\n\t\t\t\t<\/div>\n\t\t\t\t<\/div>\n\t\t<div class=\"elementor-element elementor-element-59cd8b1d e-con-full e-flex e-con e-child\" data-id=\"59cd8b1d\" data-element_type=\"container\" data-e-type=\"container\">\n\t\t\t\t<div class=\"elementor-element elementor-element-8f89aa3 elementor-widget elementor-widget-heading\" data-id=\"8f89aa3\" data-element_type=\"widget\" data-e-type=\"widget\" data-widget_type=\"heading.default\">\n\t\t\t\t<div class=\"elementor-widget-container\">\n\t\t\t\t\t<h2 class=\"elementor-heading-title elementor-size-default\">Ein ausgezeichneter Hof<\/h2>\t\t\t\t<\/div>\n\t\t\t\t<\/div>\n\t\t\t\t<div class=\"elementor-element elementor-element-2236665a elementor-widget elementor-widget-text-editor\" data-id=\"2236665a\" data-element_type=\"widget\" data-e-type=\"widget\" data-widget_type=\"text-editor.default\">\n\t\t\t\t<div class=\"elementor-widget-container\">\n\t\t\t\t\t\t\t\t\t<p>Im Mai 2023 wurde der Betrieb zum zweiten mal mit dem Zertifikat \u201eDer gute Stall\u201c ausgezeichnet. Eine Auszeichnung, womit j\u00e4hrlich besonders gut gef\u00fchrte Betriebe geehrt werden. Vergeben wird das Zertifikat vom Schweizer Nationalgest\u00fct, der BEA Pferd, dem \u00abSchweizer Bauer\u00bb und dem Schweizer Reitmagazin \u00abKavallo. Hier ein Auszug aus dem Artikel im \u201eSchweizer Bauer\u201c:<\/p>\t\t\t\t\t\t\t\t<\/div>\n\t\t\t\t<\/div>\n\t\t\t\t<div class=\"elementor-element elementor-element-6346b516 elementor-widget elementor-widget-text-editor\" data-id=\"6346b516\" data-element_type=\"widget\" data-e-type=\"widget\" data-widget_type=\"text-editor.default\">\n\t\t\t\t<div class=\"elementor-widget-container\">\n\t\t\t\t\t\t\t\t\t<p><em>\u201eEinfach ist der Stallbau nicht. Schon allein durch die vielen Vorschriften des Gesetzgebers werden oft die M\u00f6glichkeiten eingeschr\u00e4nkt. Und dennoch: Viele gute Beispiele zeigen, wie ideenreicher Stallbau den Wohlf\u00fchlfaktor anzuheben vermag. In den letzten Jahren ist beim Stallbau vor allem auf artgerechte Haltung geachtet worden.<\/em><\/p>\t\t\t\t\t\t\t\t<\/div>\n\t\t\t\t<\/div>\n\t\t\t\t<\/div>\n\t\t\t\t<\/div>\n\t\t<div class=\"elementor-element elementor-element-95cb62e e-con-full e-flex e-con e-child\" data-id=\"95cb62e\" data-element_type=\"container\" data-e-type=\"container\">\n\t\t\t\t<div class=\"elementor-element elementor-element-bf64c3c elementor-widget elementor-widget-text-editor\" data-id=\"bf64c3c\" data-element_type=\"widget\" data-e-type=\"widget\" data-widget_type=\"text-editor.default\">\n\t\t\t\t<div class=\"elementor-widget-container\">\n\t\t\t\t\t\t\t\t\t<p><em>Die nat\u00fcrlichen Bed\u00fcrfnisse und das angeborene Verhalten des Pferdes sind und bleiben das zentrale Thema beim aktuellen und beim k\u00fcnftigen Bau von Stallanlagen. Mit durchdachten Konzepten wird aber auch vermehrt nach L\u00f6sungen gesucht, um den Anspr\u00fcchen des Menschen gerecht zu werden. Ein Punkt dabei ist beispielsweise die Optimierung von Arbeitsabl\u00e4ufen. Die Entwicklung im Stallbau hat die Pferdehaltung schweizweit auf ein hohes Niveau gebracht. Es waren nicht nur die Stallbetreiber, die sich innovativ zeigten und nach M\u00f6glichkeiten suchten, gute Betriebe zu realisieren, als treibende Kraft wirkten auch die Besitzer, die f\u00fcr ihre Pferde nach optimalen Bedingungen suchten und damit die Nachfrage nach guten St\u00e4llen steigerten. Wie auch immer Pferde, Ponys oder Esel gehalten werden, in jeder Haltungsform lassen sich ausgezeichnete Beispiele finden.\u201c<\/em><\/p>\t\t\t\t\t\t\t\t<\/div>\n\t\t\t\t<\/div>\n\t\t\t\t<\/div>\n\t\t\t\t\t<\/div>\n\t\t\t\t<\/div>\n\t\t<div class=\"elementor-element elementor-element-554cd33e e-flex e-con-boxed e-con e-parent\" data-id=\"554cd33e\" data-element_type=\"container\" data-e-type=\"container\" data-settings=\"{&quot;background_background&quot;:&quot;classic&quot;}\">\n\t\t\t\t\t<div class=\"e-con-inner\">\n\t\t\t\t<div class=\"elementor-element elementor-element-2142757e elementor-hidden-desktop elementor-hidden-tablet elementor-hidden-mobile elementor-widget elementor-widget-heading\" data-id=\"2142757e\" data-element_type=\"widget\" data-e-type=\"widget\" data-widget_type=\"heading.default\">\n\t\t\t\t<div class=\"elementor-widget-container\">\n\t\t\t\t\t<h1 class=\"elementor-heading-title elementor-size-default\">Zertifikat<\/h1>\t\t\t\t<\/div>\n\t\t\t\t<\/div>\n\t\t\t\t\t<\/div>\n\t\t\t\t<\/div>\n\t\t<div class=\"elementor-element elementor-element-2da5244e e-flex e-con-boxed e-con e-parent\" data-id=\"2da5244e\" data-element_type=\"container\" data-e-type=\"container\" data-settings=\"{&quot;background_background&quot;:&quot;classic&quot;}\">\n\t\t\t\t\t<div class=\"e-con-inner\">\n\t\t<div class=\"elementor-element elementor-element-5a53192 e-flex e-con-boxed e-con e-child\" data-id=\"5a53192\" data-element_type=\"container\" data-e-type=\"container\">\n\t\t\t\t\t<div class=\"e-con-inner\">\n\t\t\t\t<div class=\"elementor-element elementor-element-34ed18e9 elementor-widget elementor-widget-image\" data-id=\"34ed18e9\" data-element_type=\"widget\" data-e-type=\"widget\" data-widget_type=\"image.default\">\n\t\t\t\t<div class=\"elementor-widget-container\">\n\t\t\t\t\t\t\t\t\t\t\t\t\t\t\t\t<a href=\"https:\/\/pferdealtersweide-valendas.ch\">\n\t\t\t\t\t\t\t<img decoding=\"async\" width=\"768\" height=\"155\" src=\"https:\/\/pferdealtersweide-valendas.ch\/wpValendas\/wp-content\/uploads\/2023\/12\/logowebseitekl-1024x206-1-90x18.jpg\" class=\"attachment-medium_large size-medium_large wp-image-4362\" alt=\"\" srcset=\"https:\/\/pferdealtersweide-valendas.ch\/wpValendas\/wp-content\/uploads\/2023\/12\/logowebseitekl-1024x206-1-768x155.jpg 768w, https:\/\/pferdealtersweide-valendas.ch\/wpValendas\/wp-content\/uploads\/2023\/12\/logowebseitekl-1024x206-1-300x60.jpg 300w, https:\/\/pferdealtersweide-valendas.ch\/wpValendas\/wp-content\/uploads\/2023\/12\/logowebseitekl-1024x206-1-90x18.jpg 90w, https:\/\/pferdealtersweide-valendas.ch\/wpValendas\/wp-content\/uploads\/2023\/12\/logowebseitekl-1024x206-1.jpg 1024w\" sizes=\"(max-width: 768px) 100vw, 768px\" \/>\t\t\t\t\t\t\t\t<\/a>\n\t\t\t\t\t\t\t\t\t\t\t\t\t\t\t<\/div>\n\t\t\t\t<\/div>\n\t\t\t\t\t<\/div>\n\t\t\t\t<\/div>\n\t\t\t\t\t<\/div>\n\t\t\t\t<\/div>\n\t\t\t\t<\/div>\n\t\t","protected":false},"excerpt":{"rendered":"<p>Zertifikat Zertifikat Zertifikat Ein ausgezeichneter Hof Im Mai 2023 wurde der Betrieb zum zweiten mal mit dem Zertifikat \u201eDer gute Stall\u201c ausgezeichnet. Eine Auszeichnung, womit j\u00e4hrlich besonders gut gef\u00fchrte Betriebe geehrt werden. Vergeben wird das Zertifikat vom Schweizer Nationalgest\u00fct, der BEA Pferd, dem \u00abSchweizer Bauer\u00bb und dem Schweizer Reitmagazin \u00abKavallo. Hier ein Auszug aus dem [&hellip;]<\/p>\n","protected":false},"author":1,"featured_media":0,"parent":0,"menu_order":0,"comment_status":"closed","ping_status":"closed","template":"","meta":{"site-sidebar-layout":"no-sidebar","site-content-layout":"page-builder","ast-site-content-layout":"full-width-container","site-content-style":"default","site-sidebar-style":"default","ast-global-header-display":"","ast-banner-title-visibility":"","ast-main-header-display":"","ast-hfb-above-header-display":"","ast-hfb-below-header-display":"","ast-hfb-mobile-header-display":"","site-post-title":"disabled","ast-breadcrumbs-content":"","ast-featured-img":"disabled","footer-sml-layout":"","ast-disable-related-posts":"","theme-transparent-header-meta":"","adv-header-id-meta":"","stick-header-meta":"","header-above-stick-meta":"","header-main-stick-meta":"","header-below-stick-meta":"","astra-migrate-meta-layouts":"set","ast-page-background-enabled":"default","ast-page-background-meta":{"desktop":{"background-color":"var(--ast-global-color-4)","background-image":"","background-repeat":"repeat","background-position":"center center","background-size":"auto","background-attachment":"scroll","background-type":"","background-media":"","overlay-type":"","overlay-color":"","overlay-opacity":"","overlay-gradient":""},"tablet":{"background-color":"","background-image":"","background-repeat":"repeat","background-position":"center center","background-size":"auto","background-attachment":"scroll","background-type":"","background-media":"","overlay-type":"","overlay-color":"","overlay-opacity":"","overlay-gradient":""},"mobile":{"background-color":"","background-image":"","background-repeat":"repeat","background-position":"center center","background-size":"auto","background-attachment":"scroll","background-type":"","background-media":"","overlay-type":"","overlay-color":"","overlay-opacity":"","overlay-gradient":""}},"ast-content-background-meta":{"desktop":{"background-color":"var(--ast-global-color-5)","background-image":"","background-repeat":"repeat","background-position":"center center","background-size":"auto","background-attachment":"scroll","background-type":"","background-media":"","overlay-type":"","overlay-color":"","overlay-opacity":"","overlay-gradient":""},"tablet":{"background-color":"var(--ast-global-color-5)","background-image":"","background-repeat":"repeat","background-position":"center center","background-size":"auto","background-attachment":"scroll","background-type":"","background-media":"","overlay-type":"","overlay-color":"","overlay-opacity":"","overlay-gradient":""},"mobile":{"background-color":"var(--ast-global-color-5)","background-image":"","background-repeat":"repeat","background-position":"center center","background-size":"auto","background-attachment":"scroll","background-type":"","background-media":"","overlay-type":"","overlay-color":"","overlay-opacity":"","overlay-gradient":""}},"footnotes":""},"class_list":["post-5042","page","type-page","status-publish","hentry"],"_links":{"self":[{"href":"https:\/\/pferdealtersweide-valendas.ch\/wpValendas\/wp-json\/wp\/v2\/pages\/5042","targetHints":{"allow":["GET"]}}],"collection":[{"href":"https:\/\/pferdealtersweide-valendas.ch\/wpValendas\/wp-json\/wp\/v2\/pages"}],"about":[{"href":"https:\/\/pferdealtersweide-valendas.ch\/wpValendas\/wp-json\/wp\/v2\/types\/page"}],"author":[{"embeddable":true,"href":"https:\/\/pferdealtersweide-valendas.ch\/wpValendas\/wp-json\/wp\/v2\/users\/1"}],"replies":[{"embeddable":true,"href":"https:\/\/pferdealtersweide-valendas.ch\/wpValendas\/wp-json\/wp\/v2\/comments?post=5042"}],"version-history":[{"count":33,"href":"https:\/\/pferdealtersweide-valendas.ch\/wpValendas\/wp-json\/wp\/v2\/pages\/5042\/revisions"}],"predecessor-version":[{"id":6145,"href":"https:\/\/pferdealtersweide-valendas.ch\/wpValendas\/wp-json\/wp\/v2\/pages\/5042\/revisions\/6145"}],"wp:attachment":[{"href":"https:\/\/pferdealtersweide-valendas.ch\/wpValendas\/wp-json\/wp\/v2\/media?parent=5042"}],"curies":[{"name":"wp","href":"https:\/\/api.w.org\/{rel}","templated":true}]}}