{"id":5018,"date":"2023-12-22T09:39:16","date_gmt":"2023-12-22T09:39:16","guid":{"rendered":"https:\/\/pferdealtersweide-valendas.ch\/wpValendas\/?page_id=5018"},"modified":"2025-08-21T07:42:12","modified_gmt":"2025-08-21T07:42:12","slug":"impressum_disclaimer","status":"publish","type":"page","link":"https:\/\/pferdealtersweide-valendas.ch\/wpValendas\/impressum_disclaimer\/","title":{"rendered":"Impressum Disclaimer"},"content":{"rendered":"\t\t<div data-elementor-type=\"wp-page\" data-elementor-id=\"5018\" class=\"elementor elementor-5018\">\n\t\t\t\t<div class=\"elementor-element elementor-element-5a3cf9d7 e-flex e-con-boxed e-con e-parent\" data-id=\"5a3cf9d7\" data-element_type=\"container\" data-e-type=\"container\" data-settings=\"{&quot;background_background&quot;:&quot;classic&quot;}\">\n\t\t\t\t\t<div class=\"e-con-inner\">\n\t\t\t\t<div class=\"elementor-element elementor-element-20be021e elementor-hidden-desktop elementor-hidden-tablet elementor-hidden-mobile elementor-widget elementor-widget-heading\" data-id=\"20be021e\" data-element_type=\"widget\" data-e-type=\"widget\" data-settings=\"{&quot;_animation&quot;:&quot;none&quot;}\" data-widget_type=\"heading.default\">\n\t\t\t\t<div class=\"elementor-widget-container\">\n\t\t\t\t\t<h1 class=\"elementor-heading-title elementor-size-default\">Impressum\/Disclaimer<\/h1>\t\t\t\t<\/div>\n\t\t\t\t<\/div>\n\t\t\t\t\t<\/div>\n\t\t\t\t<\/div>\n\t\t<div class=\"elementor-element elementor-element-791f10f3 e-flex e-con-boxed e-con e-parent\" data-id=\"791f10f3\" data-element_type=\"container\" data-e-type=\"container\" data-settings=\"{&quot;background_background&quot;:&quot;classic&quot;}\">\n\t\t\t\t\t<div class=\"e-con-inner\">\n\t\t\t\t<div class=\"elementor-element elementor-element-5f07913e elementor-widget elementor-widget-heading\" data-id=\"5f07913e\" data-element_type=\"widget\" data-e-type=\"widget\" data-widget_type=\"heading.default\">\n\t\t\t\t<div class=\"elementor-widget-container\">\n\t\t\t\t\t<h6 class=\"elementor-heading-title elementor-size-default\">Impressum Disclaimer<\/h6>\t\t\t\t<\/div>\n\t\t\t\t<\/div>\n\t\t\t\t<div class=\"elementor-element elementor-element-630ce42 elementor-widget elementor-widget-text-editor\" data-id=\"630ce42\" data-element_type=\"widget\" data-e-type=\"widget\" data-widget_type=\"text-editor.default\">\n\t\t\t\t<div class=\"elementor-widget-container\">\n\t\t\t\t\t\t\t\t\t<h2><strong>Impressum<\/strong><\/h2>\t\t\t\t\t\t\t\t<\/div>\n\t\t\t\t<\/div>\n\t\t\t\t<div class=\"elementor-element elementor-element-4b86751e elementor-widget-divider--view-line elementor-widget elementor-widget-divider\" data-id=\"4b86751e\" data-element_type=\"widget\" data-e-type=\"widget\" data-widget_type=\"divider.default\">\n\t\t\t\t<div class=\"elementor-widget-container\">\n\t\t\t\t\t\t\t<div class=\"elementor-divider\">\n\t\t\t<span class=\"elementor-divider-separator\">\n\t\t\t\t\t\t<\/span>\n\t\t<\/div>\n\t\t\t\t\t\t<\/div>\n\t\t\t\t<\/div>\n\t\t\t\t<div class=\"elementor-element elementor-element-6aaec7d elementor-widget elementor-widget-heading\" data-id=\"6aaec7d\" data-element_type=\"widget\" data-e-type=\"widget\" data-widget_type=\"heading.default\">\n\t\t\t\t<div class=\"elementor-widget-container\">\n\t\t\t\t\t<h3 class=\"elementor-heading-title elementor-size-default\">Inhaltliche Verantwortung<\/h3>\t\t\t\t<\/div>\n\t\t\t\t<\/div>\n\t\t\t\t<div class=\"elementor-element elementor-element-c534abf elementor-widget elementor-widget-text-editor\" data-id=\"c534abf\" data-element_type=\"widget\" data-e-type=\"widget\" data-widget_type=\"text-editor.default\">\n\t\t\t\t<div class=\"elementor-widget-container\">\n\t\t\t\t\t\t\t\t\t<p class=\"wp-block-heading\">Pferdealtersweide Valendas<\/p><p class=\"wp-block-heading\">7122 Valendas<br \/><a href=\"http:\/\/www.pferdealtersweide-valendas.ch\/\" target=\"_blank\" rel=\"noreferrer noopener\" data-type=\"URL\" data-id=\"www.pferdealtersweide-valendas.ch\">www.pferdealtersweide-valendas.ch<\/a><br \/>info@pferdealtersweide-valendas.ch<\/p>\t\t\t\t\t\t\t\t<\/div>\n\t\t\t\t<\/div>\n\t\t\t\t<div class=\"elementor-element elementor-element-499e8a8 elementor-widget elementor-widget-heading\" data-id=\"499e8a8\" data-element_type=\"widget\" data-e-type=\"widget\" data-widget_type=\"heading.default\">\n\t\t\t\t<div class=\"elementor-widget-container\">\n\t\t\t\t\t<h3 class=\"elementor-heading-title elementor-size-default\">Design, Redaktion und Text<\/h3>\t\t\t\t<\/div>\n\t\t\t\t<\/div>\n\t\t\t\t<div class=\"elementor-element elementor-element-e8f133c elementor-widget elementor-widget-text-editor\" data-id=\"e8f133c\" data-element_type=\"widget\" data-e-type=\"widget\" data-widget_type=\"text-editor.default\">\n\t\t\t\t<div class=\"elementor-widget-container\">\n\t\t\t\t\t\t\t\t\t<p>Beer Services<\/p>\t\t\t\t\t\t\t\t<\/div>\n\t\t\t\t<\/div>\n\t\t\t\t<div class=\"elementor-element elementor-element-deb8538 elementor-widget elementor-widget-heading\" data-id=\"deb8538\" data-element_type=\"widget\" data-e-type=\"widget\" data-widget_type=\"heading.default\">\n\t\t\t\t<div class=\"elementor-widget-container\">\n\t\t\t\t\t<h3 class=\"elementor-heading-title elementor-size-default\">Bilder und Fotografiene<\/h3>\t\t\t\t<\/div>\n\t\t\t\t<\/div>\n\t\t\t\t<div class=\"elementor-element elementor-element-925347c elementor-widget elementor-widget-text-editor\" data-id=\"925347c\" data-element_type=\"widget\" data-e-type=\"widget\" data-widget_type=\"text-editor.default\">\n\t\t\t\t<div class=\"elementor-widget-container\">\n\t\t\t\t\t\t\t\t\t<p>Corina Brunner-Sprecher<\/p>\t\t\t\t\t\t\t\t<\/div>\n\t\t\t\t<\/div>\n\t\t\t\t<div class=\"elementor-element elementor-element-783427e elementor-widget elementor-widget-heading\" data-id=\"783427e\" data-element_type=\"widget\" data-e-type=\"widget\" data-widget_type=\"heading.default\">\n\t\t\t\t<div class=\"elementor-widget-container\">\n\t\t\t\t\t<h3 class=\"elementor-heading-title elementor-size-default\">Webprogrammierung<\/h3>\t\t\t\t<\/div>\n\t\t\t\t<\/div>\n\t\t\t\t<div class=\"elementor-element elementor-element-a7a4ab3 elementor-widget elementor-widget-text-editor\" data-id=\"a7a4ab3\" data-element_type=\"widget\" data-e-type=\"widget\" data-widget_type=\"text-editor.default\">\n\t\t\t\t<div class=\"elementor-widget-container\">\n\t\t\t\t\t\t\t\t\t<p>Beer Services<\/p>\t\t\t\t\t\t\t\t<\/div>\n\t\t\t\t<\/div>\n\t\t\t\t<div class=\"elementor-element elementor-element-732a391 elementor-widget elementor-widget-text-editor\" data-id=\"732a391\" data-element_type=\"widget\" data-e-type=\"widget\" data-widget_type=\"text-editor.default\">\n\t\t\t\t<div class=\"elementor-widget-container\">\n\t\t\t\t\t\t\t\t\t<h2 class=\"wp-block-heading\"><strong>Disclaimer<\/strong><\/h2>\t\t\t\t\t\t\t\t<\/div>\n\t\t\t\t<\/div>\n\t\t\t\t<div class=\"elementor-element elementor-element-babb1d9 elementor-widget elementor-widget-heading\" data-id=\"babb1d9\" data-element_type=\"widget\" data-e-type=\"widget\" data-widget_type=\"heading.default\">\n\t\t\t\t<div class=\"elementor-widget-container\">\n\t\t\t\t\t<h3 class=\"elementor-heading-title elementor-size-default\">Haftungsausschluss<\/h3>\t\t\t\t<\/div>\n\t\t\t\t<\/div>\n\t\t\t\t<div class=\"elementor-element elementor-element-07f014c elementor-widget elementor-widget-text-editor\" data-id=\"07f014c\" data-element_type=\"widget\" data-e-type=\"widget\" data-widget_type=\"text-editor.default\">\n\t\t\t\t<div class=\"elementor-widget-container\">\n\t\t\t\t\t\t\t\t\t<p>Alle auf dieser Webseite enthaltenen Informationen wurden mit grosser Sorgfalt gepr\u00fcft. Das Unternehmen Pferdealtersweide Valendas \u00fcbernimmt jedoch keine Gew\u00e4hrleistung und keine Haftung f\u00fcr die Informationen und f\u00fcr ihren jeglichen Gebrauch. Alle Nutzer dieser Webseite erkl\u00e4ren sich einverstanden, dass die Nutzung auf eigenes Risiko erfolgt. Das Unternehmen Pferdealtersweide Valendas beh\u00e4lt sich das Recht vor, Inhalte dieser Webseite ohne vorherige Ank\u00fcndigung zu streichen, zu \u00e4ndern oder zu erg\u00e4nzen. Eine Haftung ergibt sich daraus nicht. Ferner \u00fcbernimmt das Unternehmen Pferdealtersweide Valendas keine Haftung und keine Verantwortung f\u00fcr die Inhalte externer Links. F\u00fcr den Inhalt der verlinkten Seiten sind ausschliesslich deren Betreiber verantwortlich.<\/p>\t\t\t\t\t\t\t\t<\/div>\n\t\t\t\t<\/div>\n\t\t\t\t<div class=\"elementor-element elementor-element-bf6fa66 elementor-widget elementor-widget-heading\" data-id=\"bf6fa66\" data-element_type=\"widget\" data-e-type=\"widget\" data-widget_type=\"heading.default\">\n\t\t\t\t<div class=\"elementor-widget-container\">\n\t\t\t\t\t<h3 class=\"elementor-heading-title elementor-size-default\">Urheberrecht<\/h3>\t\t\t\t<\/div>\n\t\t\t\t<\/div>\n\t\t\t\t<div class=\"elementor-element elementor-element-a48a027 elementor-widget elementor-widget-text-editor\" data-id=\"a48a027\" data-element_type=\"widget\" data-e-type=\"widget\" data-widget_type=\"text-editor.default\">\n\t\t\t\t<div class=\"elementor-widget-container\">\n\t\t\t\t\t\t\t\t\t<p>\u00a9 Alterspferdeweide Valendas. Alle Rechte vorbehalten. Die Inhalte dieser Webseite unterliegen dem Urheberrecht und anderen Gesetzen zum Schutz des geistigen Eigentums. Nutzer d\u00fcrfen Inhalte dieser Webseite nur f\u00fcr den eigenen privaten Bedarf laden, ausdrucken und kopieren. Jede andere Verwertung, insbesondere innerhalb oder durch gewerbliche Unternehmen, bedarf der vorherigen schriftlichen Zustimmung des Unternehmens Pferdealtersweide Valendas.<\/p>\t\t\t\t\t\t\t\t<\/div>\n\t\t\t\t<\/div>\n\t\t\t\t<div class=\"elementor-element elementor-element-d92b974 elementor-widget elementor-widget-heading\" data-id=\"d92b974\" data-element_type=\"widget\" data-e-type=\"widget\" data-widget_type=\"heading.default\">\n\t\t\t\t<div class=\"elementor-widget-container\">\n\t\t\t\t\t<h3 class=\"elementor-heading-title elementor-size-default\">Datenschutz<\/h3>\t\t\t\t<\/div>\n\t\t\t\t<\/div>\n\t\t\t\t<div class=\"elementor-element elementor-element-4e89cd6 elementor-widget elementor-widget-text-editor\" data-id=\"4e89cd6\" data-element_type=\"widget\" data-e-type=\"widget\" data-widget_type=\"text-editor.default\">\n\t\t\t\t<div class=\"elementor-widget-container\">\n\t\t\t\t\t\t\t\t\t<p>Angaben, welche Sie in Kontaktformularen auf dieser Website hinterlegen k\u00f6nnen zus\u00e4tzlich in einer Datenbank gespeichert werden. Diese Daten werden nur f\u00fcr den im Kontaktformular definierten Zweck benutzt und werden nicht weitergegeben. Wie bei jeder Verbindung mit einem Webserver protokolliert und speichert der Server unseres Webhosting-Anbieters hosttech Schweiz, bestimmte technische Daten. Zu diesen Daten geh\u00f6ren die IP-Adresse und das Betriebssystem Ihres Ger\u00e4ts, die Daten, die Zugriffszeit, die Art des Browsers sowie die Browser-Anfrage inklusive der Herkunft der Anfrage (Referrer). Dies ist aus technischen Gr\u00fcnden erforderlich, um Ihnen unsere Website zur Verf\u00fcgung zu stellen. Provider sch\u00fctzt diese Daten mit technischen und organisatorischen Massnahmen vor unerlaubten Zugriffen und gibt sie nicht an Dritte weiter. Soweit wir dabei personenbezogene Daten verarbeiten, tun wir dies aufgrund unseres Interesses, Ihnen die bestm\u00f6gliche Nutzererfahrung zu bieten und die Sicherheit und Stabilit\u00e4t unserer Systeme zu gew\u00e4hrleisten.<\/p>\t\t\t\t\t\t\t\t<\/div>\n\t\t\t\t<\/div>\n\t\t\t\t<div class=\"elementor-element elementor-element-61c7d6d elementor-widget elementor-widget-heading\" data-id=\"61c7d6d\" data-element_type=\"widget\" data-e-type=\"widget\" data-widget_type=\"heading.default\">\n\t\t\t\t<div class=\"elementor-widget-container\">\n\t\t\t\t\t<h3 class=\"elementor-heading-title elementor-size-default\">reCAPTCHA<\/h3>\t\t\t\t<\/div>\n\t\t\t\t<\/div>\n\t\t\t\t<div class=\"elementor-element elementor-element-3c4d3b2 elementor-widget elementor-widget-text-editor\" data-id=\"3c4d3b2\" data-element_type=\"widget\" data-e-type=\"widget\" data-widget_type=\"text-editor.default\">\n\t\t\t\t<div class=\"elementor-widget-container\">\n\t\t\t\t\t\t\t\t\t<p>Zum Schutz Ihrer Anfragen per Internetformular verwenden wir den Dienst reCAPTCHA des Unternehmens Google LLC (Google). Die Abfrage dient der Unterscheidung, ob die Eingabe durch einen Menschen oder missbr\u00e4uchlich durch automatisierte, maschinelle Verarbeitung erfolgt. Die Abfrage schlie\u00dft den Versand der IP-Adresse und ggf. weiterer von Google f\u00fcr den Dienst reCAPTCHA ben\u00f6tigter Daten an Google ein. Zu diesem Zweck wird Ihre Eingabe an Google \u00fcbermittelt und dort weiter verwendet. Ihre IP-Adresse wird von Google jedoch innerhalb von Mitgliedstaaten der Europ\u00e4ischen Union oder in anderen Vertragsstaaten des Abkommens \u00fcber den Europ\u00e4ischen Wirtschaftsraum zuvor gek\u00fcrzt. Nur in Ausnahmef\u00e4llen wird die volle IP-Adresse an einen Server von Google in den USA \u00fcbertragen und dort gek\u00fcrzt. Im Auftrag des Betreibers dieser Website wird Google diese Informationen benutzen, um Ihre Nutzung dieses Dienstes auszuwerten. Die im Rahmen von reCaptcha von Ihrem Browser \u00fcbermittelte IP-Adresse wird nicht mit anderen Daten von Google zusammengef\u00fchrt. F\u00fcr diese Daten gelten die abweichenden Datenschutzbestimmungen des Unternehmens Google. Weitere Informationen zu den Datenschutzrichtlinien von Google finden Sie unter:\u00a0<a href=\"https:\/\/policies.google.com\/privacy?hl=de\">https:\/\/policies.google.com\/privacy?hl=de<\/a><\/p>\t\t\t\t\t\t\t\t<\/div>\n\t\t\t\t<\/div>\n\t\t\t\t<div class=\"elementor-element elementor-element-e7cfd5b elementor-widget elementor-widget-heading\" data-id=\"e7cfd5b\" data-element_type=\"widget\" data-e-type=\"widget\" data-widget_type=\"heading.default\">\n\t\t\t\t<div class=\"elementor-widget-container\">\n\t\t\t\t\t<h3 class=\"elementor-heading-title elementor-size-default\">Google Maps<\/h3>\t\t\t\t<\/div>\n\t\t\t\t<\/div>\n\t\t\t\t<div class=\"elementor-element elementor-element-20c4a96 elementor-widget elementor-widget-text-editor\" data-id=\"20c4a96\" data-element_type=\"widget\" data-e-type=\"widget\" data-widget_type=\"text-editor.default\">\n\t\t\t\t<div class=\"elementor-widget-container\">\n\t\t\t\t\t\t\t\t\t<p>F\u00fcr unsere Kontaktseiten nutzen wir \u00fcber eine API den Kartendienst Google Maps. Zur Nutzung der Funktionen von Google Maps ist es notwendig, deine IP-Adresse zu speichern. Diese Informationen werden in der Regel an einen Server von Google in den USA \u00fcbertragen und dort gespeichert. Wir haben keinen Einfluss auf diese Daten\u00fcbertragung. Die Nutzung von Google Maps erfolgt im Interesse einer leichten Auffindbarkeit der von uns auf der Website angegebenen Orte.<\/p>\t\t\t\t\t\t\t\t<\/div>\n\t\t\t\t<\/div>\n\t\t\t\t<div class=\"elementor-element elementor-element-042ccdf elementor-widget elementor-widget-heading\" data-id=\"042ccdf\" data-element_type=\"widget\" data-e-type=\"widget\" data-widget_type=\"heading.default\">\n\t\t\t\t<div class=\"elementor-widget-container\">\n\t\t\t\t\t<h3 class=\"elementor-heading-title elementor-size-default\">Cookies<\/h3>\t\t\t\t<\/div>\n\t\t\t\t<\/div>\n\t\t\t\t<div class=\"elementor-element elementor-element-88e4eac elementor-widget elementor-widget-text-editor\" data-id=\"88e4eac\" data-element_type=\"widget\" data-e-type=\"widget\" data-widget_type=\"text-editor.default\">\n\t\t\t\t<div class=\"elementor-widget-container\">\n\t\t\t\t\t\t\t\t\t<p>Die eingesetzten Cookies dienen einzig der korrekten Darstellung und Funktionalit\u00e4t dieser Website. Es werden keine pers\u00f6nlichen Daten gesammelt.<\/p>\t\t\t\t\t\t\t\t<\/div>\n\t\t\t\t<\/div>\n\t\t\t\t\t<\/div>\n\t\t\t\t<\/div>\n\t\t<div class=\"elementor-element elementor-element-1b39cfa8 e-flex e-con-boxed e-con e-parent\" data-id=\"1b39cfa8\" data-element_type=\"container\" data-e-type=\"container\" data-settings=\"{&quot;background_background&quot;:&quot;classic&quot;}\">\n\t\t\t\t\t<div class=\"e-con-inner\">\n\t\t\t\t<div class=\"elementor-element elementor-element-733116e1 elementor-hidden-desktop elementor-hidden-tablet elementor-hidden-mobile elementor-widget elementor-widget-heading\" data-id=\"733116e1\" data-element_type=\"widget\" data-e-type=\"widget\" data-widget_type=\"heading.default\">\n\t\t\t\t<div class=\"elementor-widget-container\">\n\t\t\t\t\t<h1 class=\"elementor-heading-title elementor-size-default\">Impressum \/ Disclaimer<\/h1>\t\t\t\t<\/div>\n\t\t\t\t<\/div>\n\t\t\t\t\t<\/div>\n\t\t\t\t<\/div>\n\t\t<div class=\"elementor-element elementor-element-397a2826 e-flex e-con-boxed e-con e-parent\" data-id=\"397a2826\" data-element_type=\"container\" data-e-type=\"container\" data-settings=\"{&quot;background_background&quot;:&quot;classic&quot;}\">\n\t\t\t\t\t<div class=\"e-con-inner\">\n\t\t<div class=\"elementor-element elementor-element-73999fd4 e-flex e-con-boxed e-con e-child\" data-id=\"73999fd4\" data-element_type=\"container\" data-e-type=\"container\">\n\t\t\t\t\t<div class=\"e-con-inner\">\n\t\t\t\t<div class=\"elementor-element elementor-element-1b316ac1 elementor-widget elementor-widget-image\" data-id=\"1b316ac1\" data-element_type=\"widget\" data-e-type=\"widget\" data-widget_type=\"image.default\">\n\t\t\t\t<div class=\"elementor-widget-container\">\n\t\t\t\t\t\t\t\t\t\t\t\t\t\t\t\t<a href=\"https:\/\/pferdealtersweide-valendas.ch\">\n\t\t\t\t\t\t\t<img fetchpriority=\"high\" decoding=\"async\" width=\"768\" height=\"155\" src=\"https:\/\/pferdealtersweide-valendas.ch\/wpValendas\/wp-content\/uploads\/2023\/12\/logowebseitekl-1024x206-1-90x18.jpg\" class=\"attachment-medium_large size-medium_large wp-image-4362\" alt=\"\" srcset=\"https:\/\/pferdealtersweide-valendas.ch\/wpValendas\/wp-content\/uploads\/2023\/12\/logowebseitekl-1024x206-1-768x155.jpg 768w, https:\/\/pferdealtersweide-valendas.ch\/wpValendas\/wp-content\/uploads\/2023\/12\/logowebseitekl-1024x206-1-300x60.jpg 300w, https:\/\/pferdealtersweide-valendas.ch\/wpValendas\/wp-content\/uploads\/2023\/12\/logowebseitekl-1024x206-1-90x18.jpg 90w, https:\/\/pferdealtersweide-valendas.ch\/wpValendas\/wp-content\/uploads\/2023\/12\/logowebseitekl-1024x206-1.jpg 1024w\" sizes=\"(max-width: 768px) 100vw, 768px\" \/>\t\t\t\t\t\t\t\t<\/a>\n\t\t\t\t\t\t\t\t\t\t\t\t\t\t\t<\/div>\n\t\t\t\t<\/div>\n\t\t\t\t\t<\/div>\n\t\t\t\t<\/div>\n\t\t\t\t\t<\/div>\n\t\t\t\t<\/div>\n\t\t\t\t<\/div>\n\t\t","protected":false},"excerpt":{"rendered":"<p>Impressum\/Disclaimer Impressum Disclaimer Impressum Inhaltliche Verantwortung Pferdealtersweide Valendas 7122 Valendaswww.pferdealtersweide-valendas.chinfo@pferdealtersweide-valendas.ch Design, Redaktion und Text Beer Services Bilder und Fotografiene Corina Brunner-Sprecher Webprogrammierung Beer Services Disclaimer Haftungsausschluss Alle auf dieser Webseite enthaltenen Informationen wurden mit grosser Sorgfalt gepr\u00fcft. Das Unternehmen Pferdealtersweide Valendas \u00fcbernimmt jedoch keine Gew\u00e4hrleistung und keine Haftung f\u00fcr die Informationen und f\u00fcr ihren jeglichen [&hellip;]<\/p>\n","protected":false},"author":1,"featured_media":0,"parent":0,"menu_order":0,"comment_status":"closed","ping_status":"closed","template":"","meta":{"site-sidebar-layout":"no-sidebar","site-content-layout":"page-builder","ast-site-content-layout":"full-width-container","site-content-style":"default","site-sidebar-style":"default","ast-global-header-display":"","ast-banner-title-visibility":"","ast-main-header-display":"","ast-hfb-above-header-display":"","ast-hfb-below-header-display":"","ast-hfb-mobile-header-display":"","site-post-title":"disabled","ast-breadcrumbs-content":"","ast-featured-img":"disabled","footer-sml-layout":"","ast-disable-related-posts":"","theme-transparent-header-meta":"","adv-header-id-meta":"","stick-header-meta":"","header-above-stick-meta":"","header-main-stick-meta":"","header-below-stick-meta":"","astra-migrate-meta-layouts":"set","ast-page-background-enabled":"default","ast-page-background-meta":{"desktop":{"background-color":"var(--ast-global-color-4)","background-image":"","background-repeat":"repeat","background-position":"center center","background-size":"auto","background-attachment":"scroll","background-type":"","background-media":"","overlay-type":"","overlay-color":"","overlay-opacity":"","overlay-gradient":""},"tablet":{"background-color":"","background-image":"","background-repeat":"repeat","background-position":"center center","background-size":"auto","background-attachment":"scroll","background-type":"","background-media":"","overlay-type":"","overlay-color":"","overlay-opacity":"","overlay-gradient":""},"mobile":{"background-color":"","background-image":"","background-repeat":"repeat","background-position":"center center","background-size":"auto","background-attachment":"scroll","background-type":"","background-media":"","overlay-type":"","overlay-color":"","overlay-opacity":"","overlay-gradient":""}},"ast-content-background-meta":{"desktop":{"background-color":"var(--ast-global-color-5)","background-image":"","background-repeat":"repeat","background-position":"center center","background-size":"auto","background-attachment":"scroll","background-type":"","background-media":"","overlay-type":"","overlay-color":"","overlay-opacity":"","overlay-gradient":""},"tablet":{"background-color":"var(--ast-global-color-5)","background-image":"","background-repeat":"repeat","background-position":"center center","background-size":"auto","background-attachment":"scroll","background-type":"","background-media":"","overlay-type":"","overlay-color":"","overlay-opacity":"","overlay-gradient":""},"mobile":{"background-color":"var(--ast-global-color-5)","background-image":"","background-repeat":"repeat","background-position":"center center","background-size":"auto","background-attachment":"scroll","background-type":"","background-media":"","overlay-type":"","overlay-color":"","overlay-opacity":"","overlay-gradient":""}},"footnotes":""},"class_list":["post-5018","page","type-page","status-publish","hentry"],"_links":{"self":[{"href":"https:\/\/pferdealtersweide-valendas.ch\/wpValendas\/wp-json\/wp\/v2\/pages\/5018","targetHints":{"allow":["GET"]}}],"collection":[{"href":"https:\/\/pferdealtersweide-valendas.ch\/wpValendas\/wp-json\/wp\/v2\/pages"}],"about":[{"href":"https:\/\/pferdealtersweide-valendas.ch\/wpValendas\/wp-json\/wp\/v2\/types\/page"}],"author":[{"embeddable":true,"href":"https:\/\/pferdealtersweide-valendas.ch\/wpValendas\/wp-json\/wp\/v2\/users\/1"}],"replies":[{"embeddable":true,"href":"https:\/\/pferdealtersweide-valendas.ch\/wpValendas\/wp-json\/wp\/v2\/comments?post=5018"}],"version-history":[{"count":61,"href":"https:\/\/pferdealtersweide-valendas.ch\/wpValendas\/wp-json\/wp\/v2\/pages\/5018\/revisions"}],"predecessor-version":[{"id":6163,"href":"https:\/\/pferdealtersweide-valendas.ch\/wpValendas\/wp-json\/wp\/v2\/pages\/5018\/revisions\/6163"}],"wp:attachment":[{"href":"https:\/\/pferdealtersweide-valendas.ch\/wpValendas\/wp-json\/wp\/v2\/media?parent=5018"}],"curies":[{"name":"wp","href":"https:\/\/api.w.org\/{rel}","templated":true}]}}