{"id":4811,"date":"2023-12-19T19:02:45","date_gmt":"2023-12-19T19:02:45","guid":{"rendered":"https:\/\/pferdealtersweide-valendas.ch\/wpValendas\/?page_id=4811"},"modified":"2025-04-01T14:44:50","modified_gmt":"2025-04-01T14:44:50","slug":"gutzuwissen","status":"publish","type":"page","link":"https:\/\/pferdealtersweide-valendas.ch\/wpValendas\/gutzuwissen\/","title":{"rendered":"Gut zu Wissen"},"content":{"rendered":"\t\t<div data-elementor-type=\"wp-page\" data-elementor-id=\"4811\" class=\"elementor elementor-4811\">\n\t\t\t\t<div class=\"elementor-element elementor-element-1fb1cda0 e-flex e-con-boxed e-con e-parent\" data-id=\"1fb1cda0\" data-element_type=\"container\" data-e-type=\"container\" data-settings=\"{&quot;background_background&quot;:&quot;classic&quot;}\">\n\t\t\t\t\t<div class=\"e-con-inner\">\n\t\t\t\t<div class=\"elementor-element elementor-element-28db5452 elementor-hidden-desktop elementor-hidden-tablet elementor-hidden-mobile elementor-widget elementor-widget-heading\" data-id=\"28db5452\" data-element_type=\"widget\" data-e-type=\"widget\" data-settings=\"{&quot;_animation&quot;:&quot;none&quot;}\" data-widget_type=\"heading.default\">\n\t\t\t\t<div class=\"elementor-widget-container\">\n\t\t\t\t\t<h1 class=\"elementor-heading-title elementor-size-default\">Gut zu Wissen<\/h1>\t\t\t\t<\/div>\n\t\t\t\t<\/div>\n\t\t\t\t\t<\/div>\n\t\t\t\t<\/div>\n\t\t<div class=\"elementor-element elementor-element-22d4d44 e-flex e-con-boxed e-con e-parent\" data-id=\"22d4d44\" data-element_type=\"container\" data-e-type=\"container\" data-settings=\"{&quot;background_background&quot;:&quot;classic&quot;}\">\n\t\t\t\t\t<div class=\"e-con-inner\">\n\t\t\t\t<div class=\"elementor-element elementor-element-22283623 elementor-widget elementor-widget-heading\" data-id=\"22283623\" data-element_type=\"widget\" data-e-type=\"widget\" data-widget_type=\"heading.default\">\n\t\t\t\t<div class=\"elementor-widget-container\">\n\t\t\t\t\t<h6 class=\"elementor-heading-title elementor-size-default\">Gut zu Wissen<\/h6>\t\t\t\t<\/div>\n\t\t\t\t<\/div>\n\t\t\t\t<div class=\"elementor-element elementor-element-7cf89d77 elementor-widget elementor-widget-heading\" data-id=\"7cf89d77\" data-element_type=\"widget\" data-e-type=\"widget\" data-widget_type=\"heading.default\">\n\t\t\t\t<div class=\"elementor-widget-container\">\n\t\t\t\t\t<h2 class=\"elementor-heading-title elementor-size-default\">Pensionspreis<\/h2>\t\t\t\t<\/div>\n\t\t\t\t<\/div>\n\t\t\t\t<div class=\"elementor-element elementor-element-3fd23f5f elementor-widget-divider--view-line elementor-widget elementor-widget-divider\" data-id=\"3fd23f5f\" data-element_type=\"widget\" data-e-type=\"widget\" data-widget_type=\"divider.default\">\n\t\t\t\t<div class=\"elementor-widget-container\">\n\t\t\t\t\t\t\t<div class=\"elementor-divider\">\n\t\t\t<span class=\"elementor-divider-separator\">\n\t\t\t\t\t\t<\/span>\n\t\t<\/div>\n\t\t\t\t\t\t<\/div>\n\t\t\t\t<\/div>\n\t\t\t\t\t<\/div>\n\t\t\t\t<\/div>\n\t\t<div class=\"elementor-element elementor-element-2f0f3d4a e-flex e-con-boxed e-con e-parent\" data-id=\"2f0f3d4a\" data-element_type=\"container\" data-e-type=\"container\" data-settings=\"{&quot;background_background&quot;:&quot;classic&quot;}\">\n\t\t\t\t\t<div class=\"e-con-inner\">\n\t\t<div class=\"elementor-element elementor-element-55d51598 e-con-full e-flex e-con e-child\" data-id=\"55d51598\" data-element_type=\"container\" data-e-type=\"container\">\n\t\t<div class=\"elementor-element elementor-element-244ebf69 e-con-full e-flex e-con e-child\" data-id=\"244ebf69\" data-element_type=\"container\" data-e-type=\"container\">\n\t\t\t\t<div class=\"elementor-element elementor-element-481be3f elementor-widget elementor-widget-text-editor\" data-id=\"481be3f\" data-element_type=\"widget\" data-e-type=\"widget\" data-widget_type=\"text-editor.default\">\n\t\t\t\t<div class=\"elementor-widget-container\">\n\t\t\t\t\t\t\t\t\t<p>Wir berechnen den Pensionspreis f\u00fcr jeden neuen Pension\u00e4r individuell. Daf\u00fcr brauchen wir Rassen- und Gr\u00f6ssenangabe, die Sie uns bei Kontaktaufnahme durchgeben. Sinn macht es auch, unseren Hof vorg\u00e4ngig zu besuchen und sich die Anlage anzuschauen. Dann k\u00f6nnen viele weitere Fragen gekl\u00e4rt werden. Wir freuen uns auf Ihre Anfrage\/Besuch. Beachten Sie, dass wir (und unsere Pension\u00e4re) am Sonntag unseren Ruhetag haben.<\/p>\t\t\t\t\t\t\t\t<\/div>\n\t\t\t\t<\/div>\n\t\t<div class=\"elementor-element elementor-element-b85a5d2 e-flex e-con-boxed e-con e-child\" data-id=\"b85a5d2\" data-element_type=\"container\" data-e-type=\"container\">\n\t\t\t\t\t<div class=\"e-con-inner\">\n\t\t\t\t<div class=\"elementor-element elementor-element-04f5365 elementor-widget elementor-widget-heading\" data-id=\"04f5365\" data-element_type=\"widget\" data-e-type=\"widget\" data-widget_type=\"heading.default\">\n\t\t\t\t<div class=\"elementor-widget-container\">\n\t\t\t\t\t<h3 class=\"elementor-heading-title elementor-size-default\">Der Pensionspreis umfasst<\/h3>\t\t\t\t<\/div>\n\t\t\t\t<\/div>\n\t\t\t\t<div class=\"elementor-element elementor-element-5163a06 elementor-widget elementor-widget-heading\" data-id=\"5163a06\" data-element_type=\"widget\" data-e-type=\"widget\" data-widget_type=\"heading.default\">\n\t\t\t\t<div class=\"elementor-widget-container\">\n\t\t\t\t\t<h3 class=\"elementor-heading-title elementor-size-default\">Integration<\/h3>\t\t\t\t<\/div>\n\t\t\t\t<\/div>\n\t\t\t\t<div class=\"elementor-element elementor-element-052227f elementor-widget elementor-widget-text-editor\" data-id=\"052227f\" data-element_type=\"widget\" data-e-type=\"widget\" data-widget_type=\"text-editor.default\">\n\t\t\t\t<div class=\"elementor-widget-container\">\n\t\t\t\t\t\t\t\t\t<ul><li>Offenstall mit grossz\u00fcgigen Trockenpl\u00e4tzen aus Ecco-Raster und Holzschnitzel<\/li><li>t\u00e4glicher Weidegang von Mai bis November<\/li><li>grosse Winterweiden<\/li><li>in Absprache mit dem Besitzern verbringen die Pferde den Sommer auf der Alp (Transport inbegriffen)<\/li><li>Heu, Stroh, Haylage (je nach F\u00fctterungsbedarf der Pferde)<\/li><li>Fr\u00fchling, Sommer und Herbst: Weidegang und zus\u00e4tzlich Heu oder Stroh<\/li><li>Salze und Mineralstoffe<\/li><li>Dreimal j\u00e4hrlich Entwurmung<\/li><li>Organisation vorgeschriebenen Impfungen<\/li><li>Allf\u00e4llige Medikamenteneingabe, Verb\u00e4nde etc.<\/li><li>regelm\u00e4ssige Barhufpflege durch unseren Hufschmied Ruedi Heinrich<\/li><li>Haftpflichtversicherung<\/li><li><strong>Exklusiv:<\/strong> Kraftfutter, Tierarztkosten<\/li><\/ul>\t\t\t\t\t\t\t\t<\/div>\n\t\t\t\t<\/div>\n\t\t\t\t<div class=\"elementor-element elementor-element-8a39e43 elementor-widget elementor-widget-text-editor\" data-id=\"8a39e43\" data-element_type=\"widget\" data-e-type=\"widget\" data-widget_type=\"text-editor.default\">\n\t\t\t\t<div class=\"elementor-widget-container\">\n\t\t\t\t\t\t\t\t\t<p>F\u00fcr neu ankommende Tiere sind in jedem der drei Offenst\u00e4lle Integrationsboxen angegliedert, von wo aus die Neuank\u00f6mmlinge aus sicherer Distanz ihre neuen Kollegen beschnuppern und erste Kontakte kn\u00fcpfen k\u00f6nnen. Das Tempo der Herdeneingliederung bestimmt der Neuank\u00f6mmling selbst.<\/p>\t\t\t\t\t\t\t\t<\/div>\n\t\t\t\t<\/div>\n\t\t\t\t<div class=\"elementor-element elementor-element-18a8c3f elementor-widget elementor-widget-heading\" data-id=\"18a8c3f\" data-element_type=\"widget\" data-e-type=\"widget\" data-widget_type=\"heading.default\">\n\t\t\t\t<div class=\"elementor-widget-container\">\n\t\t\t\t\t<h3 class=\"elementor-heading-title elementor-size-default\">Herdenhaltung<\/h3>\t\t\t\t<\/div>\n\t\t\t\t<\/div>\n\t\t\t\t<div class=\"elementor-element elementor-element-fcd9fab elementor-widget elementor-widget-text-editor\" data-id=\"fcd9fab\" data-element_type=\"widget\" data-e-type=\"widget\" data-widget_type=\"text-editor.default\">\n\t\t\t\t<div class=\"elementor-widget-container\">\n\t\t\t\t\t\t\t\t\t<p>Wer seinen Sch\u00fctzling zu uns gibt, muss sich bewusst sein, dass er ihn in eine Herde gibt. Das ist nicht nur die nat\u00fcrlichste Art, Pferde und Ponys zu halten, die Sicherheit der Herde und der Zusammenhalt, die eine vielk\u00f6pfige Gemeinschaft ausmachen, dienen dem psychischen und physischen Wohlbefinden, da auch immer f\u00fcr Bewegung \u2013 sei es im Spiel oder beim Gang von Futter-Tr\u00e4nke-Liegeplatz-Stall \u2013 gesorgt ist.<br \/>Unsere drei Herden sind ruhig und ausgeglichen, und wir legen grossen Wert darauf, den jeweiligen Neuank\u00f6mmling der passenden Herde zuzuweisen. Nat\u00fcrlich sind unsere F\u00e4higkeiten, was das Sozialverhalten der Herde betrifft, begrenzt. Hier spielt eben die Herdengemeinschaft, und es kann vorkommen, dass ein Pension\u00e4r mal eine Schramme, einen Kratzer oder einen Schlag abbekommt. Das Verletzungsrisiko ist aber gering. Sollte es doch etwas Gr\u00f6sseres sein, wird sofort der Tierarzt beigezogen und der\/die Besitzerin nat\u00fcrlich umgehend informiert.<\/p>\t\t\t\t\t\t\t\t<\/div>\n\t\t\t\t<\/div>\n\t\t\t\t<div class=\"elementor-element elementor-element-c0df884 elementor-widget elementor-widget-heading\" data-id=\"c0df884\" data-element_type=\"widget\" data-e-type=\"widget\" data-widget_type=\"heading.default\">\n\t\t\t\t<div class=\"elementor-widget-container\">\n\t\t\t\t\t<h3 class=\"elementor-heading-title elementor-size-default\">Aufenthaltsdauer<\/h3>\t\t\t\t<\/div>\n\t\t\t\t<\/div>\n\t\t\t\t<div class=\"elementor-element elementor-element-a3dcd25 elementor-widget elementor-widget-text-editor\" data-id=\"a3dcd25\" data-element_type=\"widget\" data-e-type=\"widget\" data-widget_type=\"text-editor.default\">\n\t\t\t\t<div class=\"elementor-widget-container\">\n\t\t\t\t\t\t\t\t\t<p>Bei uns leben haupts\u00e4chlich Alterspension\u00e4re und Pferde\/Ponys die durch Tierschutzstiftungen nach einem langen Leidensweg zu uns gekommen sind und bei uns ihren Lebensabend verbringen. Dadurch haben wir sehr wenig Wechsel in den Gruppen, und es entstehen wundersch\u00f6ne Pferdefreundschaften.<\/p><p><b>Keine Ferienpferde<\/b>.<\/p>\t\t\t\t\t\t\t\t<\/div>\n\t\t\t\t<\/div>\n\t\t\t\t<div class=\"elementor-element elementor-element-535411e elementor-widget elementor-widget-heading\" data-id=\"535411e\" data-element_type=\"widget\" data-e-type=\"widget\" data-widget_type=\"heading.default\">\n\t\t\t\t<div class=\"elementor-widget-container\">\n\t\t\t\t\t<h3 class=\"elementor-heading-title elementor-size-default\">Besuchszeiten<\/h3>\t\t\t\t<\/div>\n\t\t\t\t<\/div>\n\t\t\t\t<div class=\"elementor-element elementor-element-83afcce elementor-widget elementor-widget-text-editor\" data-id=\"83afcce\" data-element_type=\"widget\" data-e-type=\"widget\" data-widget_type=\"text-editor.default\">\n\t\t\t\t<div class=\"elementor-widget-container\">\n\t\t\t\t\t\t\t\t\t<p>Nat\u00fcrlich k\u00f6nnen die Pferde\/Ponys auch besucht werden. Wichtig: Im Offenstall h\u00e4lt sich nur <strong>eine Person<\/strong> auf, die das Pferd\/Pony holt, um keine Unruhe in der Herde zu stiften. Dies auch aus Sicherheitsgr\u00fcnden.<\/p><p>Zu beachten ist ferner, dass wir (und auch die Pension\u00e4re) am Sonntag unseren Ruhetag haben.<\/p>\t\t\t\t\t\t\t\t<\/div>\n\t\t\t\t<\/div>\n\t\t\t\t<div class=\"elementor-element elementor-element-a884301 elementor-widget elementor-widget-heading\" data-id=\"a884301\" data-element_type=\"widget\" data-e-type=\"widget\" data-widget_type=\"heading.default\">\n\t\t\t\t<div class=\"elementor-widget-container\">\n\t\t\t\t\t<h3 class=\"elementor-heading-title elementor-size-default\">Der Gang \u00fcber den Regenbogen<\/h3>\t\t\t\t<\/div>\n\t\t\t\t<\/div>\n\t\t\t\t<div class=\"elementor-element elementor-element-d8208ca elementor-widget elementor-widget-text-editor\" data-id=\"d8208ca\" data-element_type=\"widget\" data-e-type=\"widget\" data-widget_type=\"text-editor.default\">\n\t\t\t\t<div class=\"elementor-widget-container\">\n\t\t\t\t\t\t\t\t\t<p>Wir sind t\u00e4glich um unsere Sch\u00fctzlinge herum. Betreuen sie, schauen nach ihnen, nehmen sie auf den Putzplatz und lassen ihnen \u201eWellness\u201c bei der Fellpflege oder beim Schlabbern eines feinen Mashs angedeihen. Irgendwann ist aber die Zeit gekommen, wo das Weiterleben f\u00fcr ein Pferd\/Pony keinen Sinn mehr macht. Sei es, weil es Schmerzen hat, oder einfach so alt geworden ist, dass es kein Futter mehr aufnehmen kann und keine Lebensqualit\u00e4t mehr hat. Dann setzen wir uns fr\u00fchzeitig mit der Besitzerin\/dem Besitzer in Kontakt, um das weitere Vorgehen und die zu ergreifenden Massnahmen zu besprechen, damit auch gen\u00fcgend Zeit f\u00fcrs Abschiednehmen bleibt. Das sind auch f\u00fcr uns sehr traurige Tage, wenn wir ein Pferd oder Pony \u00fcber den Regenbogen begleiten. Wir tun es mit aller Liebe und Konsequenz und mit Respekt dem Tier gegen\u00fcber.<\/p>\t\t\t\t\t\t\t\t<\/div>\n\t\t\t\t<\/div>\n\t\t\t\t\t<\/div>\n\t\t\t\t<\/div>\n\t\t\t\t<\/div>\n\t\t\t\t<\/div>\n\t\t\t\t\t<\/div>\n\t\t\t\t<\/div>\n\t\t<div class=\"elementor-element elementor-element-6b596ef3 e-flex e-con-boxed e-con e-parent\" data-id=\"6b596ef3\" data-element_type=\"container\" data-e-type=\"container\" data-settings=\"{&quot;background_background&quot;:&quot;classic&quot;}\">\n\t\t\t\t\t<div class=\"e-con-inner\">\n\t\t\t\t<div class=\"elementor-element elementor-element-7be1f3b9 elementor-hidden-desktop elementor-hidden-tablet elementor-hidden-mobile elementor-widget elementor-widget-heading\" data-id=\"7be1f3b9\" data-element_type=\"widget\" data-e-type=\"widget\" data-widget_type=\"heading.default\">\n\t\t\t\t<div class=\"elementor-widget-container\">\n\t\t\t\t\t<h1 class=\"elementor-heading-title elementor-size-default\">Gut zu Wissen<\/h1>\t\t\t\t<\/div>\n\t\t\t\t<\/div>\n\t\t\t\t\t<\/div>\n\t\t\t\t<\/div>\n\t\t<div class=\"elementor-element elementor-element-f1c1d77 e-flex e-con-boxed e-con e-parent\" data-id=\"f1c1d77\" data-element_type=\"container\" data-e-type=\"container\" data-settings=\"{&quot;background_background&quot;:&quot;classic&quot;}\">\n\t\t\t\t\t<div class=\"e-con-inner\">\n\t\t<div class=\"elementor-element elementor-element-56c6a88 e-flex e-con-boxed e-con e-child\" data-id=\"56c6a88\" data-element_type=\"container\" data-e-type=\"container\">\n\t\t\t\t\t<div class=\"e-con-inner\">\n\t\t\t\t<div class=\"elementor-element elementor-element-7ed228d elementor-widget elementor-widget-image\" data-id=\"7ed228d\" data-element_type=\"widget\" data-e-type=\"widget\" data-widget_type=\"image.default\">\n\t\t\t\t<div class=\"elementor-widget-container\">\n\t\t\t\t\t\t\t\t\t\t\t\t\t\t\t\t<a href=\"https:\/\/pferdealtersweide-valendas.ch\">\n\t\t\t\t\t\t\t<img fetchpriority=\"high\" decoding=\"async\" width=\"768\" height=\"155\" src=\"https:\/\/pferdealtersweide-valendas.ch\/wpValendas\/wp-content\/uploads\/2023\/12\/logowebseitekl-1024x206-1-90x18.jpg\" class=\"attachment-medium_large size-medium_large wp-image-4362\" alt=\"\" srcset=\"https:\/\/pferdealtersweide-valendas.ch\/wpValendas\/wp-content\/uploads\/2023\/12\/logowebseitekl-1024x206-1-768x155.jpg 768w, https:\/\/pferdealtersweide-valendas.ch\/wpValendas\/wp-content\/uploads\/2023\/12\/logowebseitekl-1024x206-1-300x60.jpg 300w, https:\/\/pferdealtersweide-valendas.ch\/wpValendas\/wp-content\/uploads\/2023\/12\/logowebseitekl-1024x206-1-90x18.jpg 90w, https:\/\/pferdealtersweide-valendas.ch\/wpValendas\/wp-content\/uploads\/2023\/12\/logowebseitekl-1024x206-1.jpg 1024w\" sizes=\"(max-width: 768px) 100vw, 768px\" \/>\t\t\t\t\t\t\t\t<\/a>\n\t\t\t\t\t\t\t\t\t\t\t\t\t\t\t<\/div>\n\t\t\t\t<\/div>\n\t\t\t\t\t<\/div>\n\t\t\t\t<\/div>\n\t\t\t\t\t<\/div>\n\t\t\t\t<\/div>\n\t\t\t\t<\/div>\n\t\t","protected":false},"excerpt":{"rendered":"<p>Gut zu Wissen Gut zu Wissen Pensionspreis Wir berechnen den Pensionspreis f\u00fcr jeden neuen Pension\u00e4r individuell. Daf\u00fcr brauchen wir Rassen- und Gr\u00f6ssenangabe, die Sie uns bei Kontaktaufnahme durchgeben. Sinn macht es auch, unseren Hof vorg\u00e4ngig zu besuchen und sich die Anlage anzuschauen. Dann k\u00f6nnen viele weitere Fragen gekl\u00e4rt werden. Wir freuen uns auf Ihre Anfrage\/Besuch. [&hellip;]<\/p>\n","protected":false},"author":1,"featured_media":0,"parent":0,"menu_order":0,"comment_status":"closed","ping_status":"closed","template":"","meta":{"site-sidebar-layout":"no-sidebar","site-content-layout":"page-builder","ast-site-content-layout":"full-width-container","site-content-style":"default","site-sidebar-style":"default","ast-global-header-display":"","ast-banner-title-visibility":"","ast-main-header-display":"","ast-hfb-above-header-display":"","ast-hfb-below-header-display":"","ast-hfb-mobile-header-display":"","site-post-title":"disabled","ast-breadcrumbs-content":"","ast-featured-img":"disabled","footer-sml-layout":"","ast-disable-related-posts":"","theme-transparent-header-meta":"","adv-header-id-meta":"","stick-header-meta":"","header-above-stick-meta":"","header-main-stick-meta":"","header-below-stick-meta":"","astra-migrate-meta-layouts":"set","ast-page-background-enabled":"default","ast-page-background-meta":{"desktop":{"background-color":"var(--ast-global-color-4)","background-image":"","background-repeat":"repeat","background-position":"center center","background-size":"auto","background-attachment":"scroll","background-type":"","background-media":"","overlay-type":"","overlay-color":"","overlay-opacity":"","overlay-gradient":""},"tablet":{"background-color":"","background-image":"","background-repeat":"repeat","background-position":"center center","background-size":"auto","background-attachment":"scroll","background-type":"","background-media":"","overlay-type":"","overlay-color":"","overlay-opacity":"","overlay-gradient":""},"mobile":{"background-color":"","background-image":"","background-repeat":"repeat","background-position":"center center","background-size":"auto","background-attachment":"scroll","background-type":"","background-media":"","overlay-type":"","overlay-color":"","overlay-opacity":"","overlay-gradient":""}},"ast-content-background-meta":{"desktop":{"background-color":"var(--ast-global-color-5)","background-image":"","background-repeat":"repeat","background-position":"center center","background-size":"auto","background-attachment":"scroll","background-type":"","background-media":"","overlay-type":"","overlay-color":"","overlay-opacity":"","overlay-gradient":""},"tablet":{"background-color":"var(--ast-global-color-5)","background-image":"","background-repeat":"repeat","background-position":"center center","background-size":"auto","background-attachment":"scroll","background-type":"","background-media":"","overlay-type":"","overlay-color":"","overlay-opacity":"","overlay-gradient":""},"mobile":{"background-color":"var(--ast-global-color-5)","background-image":"","background-repeat":"repeat","background-position":"center center","background-size":"auto","background-attachment":"scroll","background-type":"","background-media":"","overlay-type":"","overlay-color":"","overlay-opacity":"","overlay-gradient":""}},"footnotes":""},"class_list":["post-4811","page","type-page","status-publish","hentry"],"_links":{"self":[{"href":"https:\/\/pferdealtersweide-valendas.ch\/wpValendas\/wp-json\/wp\/v2\/pages\/4811","targetHints":{"allow":["GET"]}}],"collection":[{"href":"https:\/\/pferdealtersweide-valendas.ch\/wpValendas\/wp-json\/wp\/v2\/pages"}],"about":[{"href":"https:\/\/pferdealtersweide-valendas.ch\/wpValendas\/wp-json\/wp\/v2\/types\/page"}],"author":[{"embeddable":true,"href":"https:\/\/pferdealtersweide-valendas.ch\/wpValendas\/wp-json\/wp\/v2\/users\/1"}],"replies":[{"embeddable":true,"href":"https:\/\/pferdealtersweide-valendas.ch\/wpValendas\/wp-json\/wp\/v2\/comments?post=4811"}],"version-history":[{"count":77,"href":"https:\/\/pferdealtersweide-valendas.ch\/wpValendas\/wp-json\/wp\/v2\/pages\/4811\/revisions"}],"predecessor-version":[{"id":6100,"href":"https:\/\/pferdealtersweide-valendas.ch\/wpValendas\/wp-json\/wp\/v2\/pages\/4811\/revisions\/6100"}],"wp:attachment":[{"href":"https:\/\/pferdealtersweide-valendas.ch\/wpValendas\/wp-json\/wp\/v2\/media?parent=4811"}],"curies":[{"name":"wp","href":"https:\/\/api.w.org\/{rel}","templated":true}]}}